{"id":178,"date":"2020-02-19T12:21:32","date_gmt":"2020-02-19T12:21:32","guid":{"rendered":"https:\/\/educacen.es\/?post_type=product&#038;p=178"},"modified":"2024-11-05T15:40:07","modified_gmt":"2024-11-05T15:40:07","slug":"sesion-de-psicologia-on-line","status":"publish","type":"product","link":"https:\/\/educacen.es\/inicio\/producto\/sesion-de-psicologia-on-line\/","title":{"rendered":"Sesi\u00f3n psicolog\u00eda on-line"},"content":{"rendered":"<p>Podr\u00e1s mantener una sesi\u00f3n o varias a trav\u00e9s de medios digitales, skype, Duo o videollamada. Desde cualquier lugar del mundo sin necesidad de desplazamientos. Empieza a sacar la mejor versi\u00f3n de ti o de tus hijos a trav\u00e9s de este servicio. Debe tenerse en cuenta que no est\u00e1n recomendadas en todos los casos.<\/p>\n<p>Si es tu primera sesi\u00f3n ten en cuenta que no conlleva coste de ning\u00fan tipo, simplemente contacta con el terapeuta, explica tu caso y el te explicar\u00e1 qu\u00e9 y c\u00f3mo se trabajar\u00e1 la situaci\u00f3n.\u00a0 Es mucho m\u00e1s sencillo de lo que parece.<\/p>\n<p>Mediante las sesiones on line, y gracias a los avances tecnol\u00f3gicos, puedes disponer del profesional que desees desde cualquier parte , ahorras tiempo y desplazamientos que hacen m\u00e1s efectivo el proceso de sesiones. Estas sesiones se pueden compaginar con sesiones presenciales si fueran necesarias,\u00a0 incluso complementar con medios telem\u00e1ticos a trav\u00e9s de controles y de seguimientos.<\/p>\n<p>Este tipo de sesiones adem\u00e1s nos aporta comodidad al realizarse desde un punto de confianza como puede ser nuestra casa o nuestro centro de trabajo. Lugares donde nos encontramos m\u00e1s c\u00f3modos que en una consulta tradicional. Los \u00faltimos datos obtenidos acerca del crecimiento de este tipo de sesiones nos hacen ver que en un futuro pr\u00f3ximo ser\u00e1n mayoritariamente aceptadas, crecen m\u00e1s de un cuarenta por ciento al a\u00f1o y cada vez la profesionalidad recibida tiene mejores cr\u00edticas.<\/p>\n","protected":false},"excerpt":{"rendered":"<p><img loading=\"lazy\" decoding=\"async\" src=\"https:\/\/educacen.es\/wp-content\/uploads\/2019\/06\/logo-educa-cen-300x154.jpg\" alt=\"\" width=\"300\" height=\"154\" class=\"alignnone size-medium wp-image-61\" \/>Sesi\u00f3n de una hora de duraci\u00f3n con psic\u00f3logo a trav\u00e9s de medios digitales. Se establecer\u00e1 un contacto previo para confirmar la cita y las disponibilidades de ambas partes.<\/p>\n","protected":false},"featured_media":384,"comment_status":"open","ping_status":"closed","template":"","meta":[],"product_brand":[],"product_cat":[17],"product_tag":[],"class_list":{"0":"post-178","1":"product","2":"type-product","3":"status-publish","4":"has-post-thumbnail","6":"product_cat-psicologia","8":"first","9":"instock","10":"virtual","11":"purchasable","12":"product-type-simple"},"yoast_head":"<!-- This site is optimized with the Yoast SEO plugin v27.0 - https:\/\/yoast.com\/product\/yoast-seo-wordpress\/ -->\n<title>Sesi\u00f3n psicolog\u00eda on-line - Educa-Cen<\/title>\n<meta name=\"description\" content=\"Si es tu primera sesi\u00f3n ten en cuenta que no conlleva coste de ning\u00fan tipo, simplemente contacta con el terapeuta, explica tu caso y el te explicar\u00e1 qu\u00e9 y c\u00f3mo se trabajar\u00e1 la situaci\u00f3n.\u00a0 Una sesi\u00f3n de psicolog\u00eda on-line es mucho m\u00e1s sencillo de lo que parece.\" \/>\n<meta name=\"robots\" content=\"index, follow, max-snippet:-1, max-image-preview:large, max-video-preview:-1\" \/>\n<link rel=\"canonical\" href=\"https:\/\/educacen.es\/inicio\/producto\/sesion-de-psicologia-on-line\/\" \/>\n<meta property=\"og:locale\" content=\"es_ES\" \/>\n<meta property=\"og:type\" content=\"article\" \/>\n<meta property=\"og:title\" content=\"Sesi\u00f3n psicolog\u00eda on-line - Educa-Cen\" \/>\n<meta property=\"og:description\" content=\"Si es tu primera sesi\u00f3n ten en cuenta que no conlleva coste de ning\u00fan tipo, simplemente contacta con el terapeuta, explica tu caso y el te explicar\u00e1 qu\u00e9 y c\u00f3mo se trabajar\u00e1 la situaci\u00f3n.\u00a0 Una sesi\u00f3n de psicolog\u00eda on-line es mucho m\u00e1s sencillo de lo que parece.\" \/>\n<meta property=\"og:url\" content=\"https:\/\/educacen.es\/inicio\/producto\/sesion-de-psicologia-on-line\/\" \/>\n<meta property=\"og:site_name\" content=\"Educa-Cen\" \/>\n<meta property=\"article:modified_time\" content=\"2024-11-05T15:40:07+00:00\" \/>\n<meta property=\"og:image\" content=\"https:\/\/educacen.es\/wp-content\/uploads\/2022\/01\/20180318_045748A-scaled-e1693988715717.jpg\" \/>\n\t<meta property=\"og:image:width\" content=\"2560\" \/>\n\t<meta property=\"og:image:height\" content=\"1028\" \/>\n\t<meta property=\"og:image:type\" content=\"image\/jpeg\" \/>\n<meta name=\"twitter:card\" content=\"summary_large_image\" \/>\n<meta name=\"twitter:site\" content=\"@educacen\" \/>\n<meta name=\"twitter:label1\" content=\"Tiempo de lectura\" \/>\n\t<meta name=\"twitter:data1\" content=\"2 minutos\" \/>\n<script type=\"application\/ld+json\" class=\"yoast-schema-graph\">{\"@context\":\"https:\/\/schema.org\",\"@graph\":[{\"@type\":\"WebPage\",\"@id\":\"https:\/\/educacen.es\/inicio\/producto\/sesion-de-psicologia-on-line\/\",\"url\":\"https:\/\/educacen.es\/inicio\/producto\/sesion-de-psicologia-on-line\/\",\"name\":\"Sesi\u00f3n psicolog\u00eda on-line - Educa-Cen\",\"isPartOf\":{\"@id\":\"https:\/\/educacen.es\/inicio\/#website\"},\"primaryImageOfPage\":{\"@id\":\"https:\/\/educacen.es\/inicio\/producto\/sesion-de-psicologia-on-line\/#primaryimage\"},\"image\":{\"@id\":\"https:\/\/educacen.es\/inicio\/producto\/sesion-de-psicologia-on-line\/#primaryimage\"},\"thumbnailUrl\":\"https:\/\/educacen.es\/wp-content\/uploads\/2022\/01\/20180318_045748A-scaled-e1693988715717.jpg\",\"datePublished\":\"2020-02-19T12:21:32+00:00\",\"dateModified\":\"2024-11-05T15:40:07+00:00\",\"description\":\"Si es tu primera sesi\u00f3n ten en cuenta que no conlleva coste de ning\u00fan tipo, simplemente contacta con el terapeuta, explica tu caso y el te explicar\u00e1 qu\u00e9 y c\u00f3mo se trabajar\u00e1 la situaci\u00f3n.\u00a0 Una sesi\u00f3n de psicolog\u00eda on-line es mucho m\u00e1s sencillo de lo que parece.\",\"breadcrumb\":{\"@id\":\"https:\/\/educacen.es\/inicio\/producto\/sesion-de-psicologia-on-line\/#breadcrumb\"},\"inLanguage\":\"es\",\"potentialAction\":[{\"@type\":\"ReadAction\",\"target\":[\"https:\/\/educacen.es\/inicio\/producto\/sesion-de-psicologia-on-line\/\"]}]},{\"@type\":\"ImageObject\",\"inLanguage\":\"es\",\"@id\":\"https:\/\/educacen.es\/inicio\/producto\/sesion-de-psicologia-on-line\/#primaryimage\",\"url\":\"https:\/\/educacen.es\/wp-content\/uploads\/2022\/01\/20180318_045748A-scaled-e1693988715717.jpg\",\"contentUrl\":\"https:\/\/educacen.es\/wp-content\/uploads\/2022\/01\/20180318_045748A-scaled-e1693988715717.jpg\",\"width\":2560,\"height\":1028},{\"@type\":\"BreadcrumbList\",\"@id\":\"https:\/\/educacen.es\/inicio\/producto\/sesion-de-psicologia-on-line\/#breadcrumb\",\"itemListElement\":[{\"@type\":\"ListItem\",\"position\":1,\"name\":\"Portada\",\"item\":\"https:\/\/educacen.es\/inicio\/\"},{\"@type\":\"ListItem\",\"position\":2,\"name\":\"Tienda\",\"item\":\"https:\/\/educacen.es\/inicio\/tienda\/\"},{\"@type\":\"ListItem\",\"position\":3,\"name\":\"Sesi\u00f3n psicolog\u00eda on-line\"}]},{\"@type\":\"WebSite\",\"@id\":\"https:\/\/educacen.es\/inicio\/#website\",\"url\":\"https:\/\/educacen.es\/inicio\/\",\"name\":\"Educa-Cen\",\"description\":\"Gabinete de Educaci\u00f3n Especial\",\"publisher\":{\"@id\":\"https:\/\/educacen.es\/inicio\/#organization\"},\"potentialAction\":[{\"@type\":\"SearchAction\",\"target\":{\"@type\":\"EntryPoint\",\"urlTemplate\":\"https:\/\/educacen.es\/inicio\/?s={search_term_string}\"},\"query-input\":{\"@type\":\"PropertyValueSpecification\",\"valueRequired\":true,\"valueName\":\"search_term_string\"}}],\"inLanguage\":\"es\"},{\"@type\":\"Organization\",\"@id\":\"https:\/\/educacen.es\/inicio\/#organization\",\"name\":\"Educa-Cen-Gabinete de psicolog\u00eda, logopedia y psicopedagog\u00eda.\",\"url\":\"https:\/\/educacen.es\/inicio\/\",\"logo\":{\"@type\":\"ImageObject\",\"inLanguage\":\"es\",\"@id\":\"https:\/\/educacen.es\/inicio\/#\/schema\/logo\/image\/\",\"url\":\"https:\/\/educacen.es\/wp-content\/uploads\/2019\/06\/logo-educa-cen-scaled.jpg\",\"contentUrl\":\"https:\/\/educacen.es\/wp-content\/uploads\/2019\/06\/logo-educa-cen-scaled.jpg\",\"width\":2560,\"height\":1316,\"caption\":\"Educa-Cen-Gabinete de psicolog\u00eda, logopedia y psicopedagog\u00eda.\"},\"image\":{\"@id\":\"https:\/\/educacen.es\/inicio\/#\/schema\/logo\/image\/\"},\"sameAs\":[\"https:\/\/x.com\/educacen\"]}]}<\/script>\n<!-- \/ Yoast SEO plugin. -->","yoast_head_json":{"title":"Sesi\u00f3n psicolog\u00eda on-line - Educa-Cen","description":"Si es tu primera sesi\u00f3n ten en cuenta que no conlleva coste de ning\u00fan tipo, simplemente contacta con el terapeuta, explica tu caso y el te explicar\u00e1 qu\u00e9 y c\u00f3mo se trabajar\u00e1 la situaci\u00f3n.\u00a0 Una sesi\u00f3n de psicolog\u00eda on-line es mucho m\u00e1s sencillo de lo que parece.","robots":{"index":"index","follow":"follow","max-snippet":"max-snippet:-1","max-image-preview":"max-image-preview:large","max-video-preview":"max-video-preview:-1"},"canonical":"https:\/\/educacen.es\/inicio\/producto\/sesion-de-psicologia-on-line\/","og_locale":"es_ES","og_type":"article","og_title":"Sesi\u00f3n psicolog\u00eda on-line - Educa-Cen","og_description":"Si es tu primera sesi\u00f3n ten en cuenta que no conlleva coste de ning\u00fan tipo, simplemente contacta con el terapeuta, explica tu caso y el te explicar\u00e1 qu\u00e9 y c\u00f3mo se trabajar\u00e1 la situaci\u00f3n.\u00a0 Una sesi\u00f3n de psicolog\u00eda on-line es mucho m\u00e1s sencillo de lo que parece.","og_url":"https:\/\/educacen.es\/inicio\/producto\/sesion-de-psicologia-on-line\/","og_site_name":"Educa-Cen","article_modified_time":"2024-11-05T15:40:07+00:00","og_image":[{"width":2560,"height":1028,"url":"https:\/\/educacen.es\/wp-content\/uploads\/2022\/01\/20180318_045748A-scaled-e1693988715717.jpg","type":"image\/jpeg"}],"twitter_card":"summary_large_image","twitter_site":"@educacen","twitter_misc":{"Tiempo de lectura":"2 minutos"},"schema":{"@context":"https:\/\/schema.org","@graph":[{"@type":"WebPage","@id":"https:\/\/educacen.es\/inicio\/producto\/sesion-de-psicologia-on-line\/","url":"https:\/\/educacen.es\/inicio\/producto\/sesion-de-psicologia-on-line\/","name":"Sesi\u00f3n psicolog\u00eda on-line - Educa-Cen","isPartOf":{"@id":"https:\/\/educacen.es\/inicio\/#website"},"primaryImageOfPage":{"@id":"https:\/\/educacen.es\/inicio\/producto\/sesion-de-psicologia-on-line\/#primaryimage"},"image":{"@id":"https:\/\/educacen.es\/inicio\/producto\/sesion-de-psicologia-on-line\/#primaryimage"},"thumbnailUrl":"https:\/\/educacen.es\/wp-content\/uploads\/2022\/01\/20180318_045748A-scaled-e1693988715717.jpg","datePublished":"2020-02-19T12:21:32+00:00","dateModified":"2024-11-05T15:40:07+00:00","description":"Si es tu primera sesi\u00f3n ten en cuenta que no conlleva coste de ning\u00fan tipo, simplemente contacta con el terapeuta, explica tu caso y el te explicar\u00e1 qu\u00e9 y c\u00f3mo se trabajar\u00e1 la situaci\u00f3n.\u00a0 Una sesi\u00f3n de psicolog\u00eda on-line es mucho m\u00e1s sencillo de lo que parece.","breadcrumb":{"@id":"https:\/\/educacen.es\/inicio\/producto\/sesion-de-psicologia-on-line\/#breadcrumb"},"inLanguage":"es","potentialAction":[{"@type":"ReadAction","target":["https:\/\/educacen.es\/inicio\/producto\/sesion-de-psicologia-on-line\/"]}]},{"@type":"ImageObject","inLanguage":"es","@id":"https:\/\/educacen.es\/inicio\/producto\/sesion-de-psicologia-on-line\/#primaryimage","url":"https:\/\/educacen.es\/wp-content\/uploads\/2022\/01\/20180318_045748A-scaled-e1693988715717.jpg","contentUrl":"https:\/\/educacen.es\/wp-content\/uploads\/2022\/01\/20180318_045748A-scaled-e1693988715717.jpg","width":2560,"height":1028},{"@type":"BreadcrumbList","@id":"https:\/\/educacen.es\/inicio\/producto\/sesion-de-psicologia-on-line\/#breadcrumb","itemListElement":[{"@type":"ListItem","position":1,"name":"Portada","item":"https:\/\/educacen.es\/inicio\/"},{"@type":"ListItem","position":2,"name":"Tienda","item":"https:\/\/educacen.es\/inicio\/tienda\/"},{"@type":"ListItem","position":3,"name":"Sesi\u00f3n psicolog\u00eda on-line"}]},{"@type":"WebSite","@id":"https:\/\/educacen.es\/inicio\/#website","url":"https:\/\/educacen.es\/inicio\/","name":"Educa-Cen","description":"Gabinete de Educaci\u00f3n Especial","publisher":{"@id":"https:\/\/educacen.es\/inicio\/#organization"},"potentialAction":[{"@type":"SearchAction","target":{"@type":"EntryPoint","urlTemplate":"https:\/\/educacen.es\/inicio\/?s={search_term_string}"},"query-input":{"@type":"PropertyValueSpecification","valueRequired":true,"valueName":"search_term_string"}}],"inLanguage":"es"},{"@type":"Organization","@id":"https:\/\/educacen.es\/inicio\/#organization","name":"Educa-Cen-Gabinete de psicolog\u00eda, logopedia y psicopedagog\u00eda.","url":"https:\/\/educacen.es\/inicio\/","logo":{"@type":"ImageObject","inLanguage":"es","@id":"https:\/\/educacen.es\/inicio\/#\/schema\/logo\/image\/","url":"https:\/\/educacen.es\/wp-content\/uploads\/2019\/06\/logo-educa-cen-scaled.jpg","contentUrl":"https:\/\/educacen.es\/wp-content\/uploads\/2019\/06\/logo-educa-cen-scaled.jpg","width":2560,"height":1316,"caption":"Educa-Cen-Gabinete de psicolog\u00eda, logopedia y psicopedagog\u00eda."},"image":{"@id":"https:\/\/educacen.es\/inicio\/#\/schema\/logo\/image\/"},"sameAs":["https:\/\/x.com\/educacen"]}]}},"_links":{"self":[{"href":"https:\/\/educacen.es\/inicio\/wp-json\/wp\/v2\/product\/178","targetHints":{"allow":["GET"]}}],"collection":[{"href":"https:\/\/educacen.es\/inicio\/wp-json\/wp\/v2\/product"}],"about":[{"href":"https:\/\/educacen.es\/inicio\/wp-json\/wp\/v2\/types\/product"}],"replies":[{"embeddable":true,"href":"https:\/\/educacen.es\/inicio\/wp-json\/wp\/v2\/comments?post=178"}],"wp:featuredmedia":[{"embeddable":true,"href":"https:\/\/educacen.es\/inicio\/wp-json\/wp\/v2\/media\/384"}],"wp:attachment":[{"href":"https:\/\/educacen.es\/inicio\/wp-json\/wp\/v2\/media?parent=178"}],"wp:term":[{"taxonomy":"product_brand","embeddable":true,"href":"https:\/\/educacen.es\/inicio\/wp-json\/wp\/v2\/product_brand?post=178"},{"taxonomy":"product_cat","embeddable":true,"href":"https:\/\/educacen.es\/inicio\/wp-json\/wp\/v2\/product_cat?post=178"},{"taxonomy":"product_tag","embeddable":true,"href":"https:\/\/educacen.es\/inicio\/wp-json\/wp\/v2\/product_tag?post=178"}],"curies":[{"name":"wp","href":"https:\/\/api.w.org\/{rel}","templated":true}]}}