{"id":602,"date":"2023-09-19T15:34:44","date_gmt":"2023-09-19T15:34:44","guid":{"rendered":"https:\/\/educacen.es\/?page_id=602"},"modified":"2025-02-14T10:26:23","modified_gmt":"2025-02-14T10:26:23","slug":"materiales-interactivos","status":"publish","type":"page","link":"https:\/\/educacen.es\/inicio\/materiales-interactivos\/","title":{"rendered":"Materiales Educativos Interactivos"},"content":{"rendered":"\n<p>Aqu\u00ed podr\u00e1s buscar y consultar todos los materiales educativos interactivos que tenemos a vuestra disposici\u00f3n. Utiliza el buscador y las descripciones para saber exactamente en que consiste. Recuerda que para acceder a ellos debes estar registrado en nuestra web. Tambi\u00e9n puedes darte de alta de nuestro portal y buscarlos por las diferentes categor\u00edas. <\/p>\n\n\n\n<p>Todos los ejercicios deben ser realizados con la presencia de un adulto. Dentro de los cientos de materiales educativos interactivos disponibles podr\u00e1s encontrar ejercicios de logopedia donde el ni\u00f1o puede localizar e identificar sonidos , ejercicios de razonamiento para mejorar la l\u00f3gica e incluso ejercicios de atenci\u00f3n y memoria para  la mejora de estos aspectos.<\/p>\n\n\n\n<p><\/p>\n\n\n\n<p>Ahora mismo visualizas una versi\u00f3n BETA y los materiales educativos interactivos no est\u00e1n disponibles.<\/p>\n\n\n\n<div class=\"wp-block-media-text is-stacked-on-mobile\" style=\"grid-template-columns:36% auto\"><figure class=\"wp-block-media-text__media\"><a href=\"https:\/\/educacen.es\/razonamiento-logico\/\"><img loading=\"lazy\" decoding=\"async\" width=\"1024\" height=\"576\" src=\"https:\/\/educacen.es\/wp-content\/uploads\/2024\/03\/razonamiento-1024x576.png\" alt=\"\" class=\"wp-image-845 size-full\" srcset=\"https:\/\/educacen.es\/wp-content\/uploads\/2024\/03\/razonamiento-1024x576.png 1024w, https:\/\/educacen.es\/wp-content\/uploads\/2024\/03\/razonamiento-300x169.png 300w, https:\/\/educacen.es\/wp-content\/uploads\/2024\/03\/razonamiento-768x432.png 768w, https:\/\/educacen.es\/wp-content\/uploads\/2024\/03\/razonamiento-1536x864.png 1536w, https:\/\/educacen.es\/wp-content\/uploads\/2024\/03\/razonamiento-600x338.png 600w, https:\/\/educacen.es\/wp-content\/uploads\/2024\/03\/razonamiento.png 1920w\" sizes=\"auto, (max-width: 1024px) 100vw, 1024px\" \/><\/a><\/figure><div class=\"wp-block-media-text__content\">\n<p> Ejercicios que fomentan el razonamiento l\u00f3gico y matem\u00e1tico del ni\u00f1o.<\/p>\n<\/div><\/div>\n\n\n\n<div class=\"wp-block-media-text is-stacked-on-mobile\" style=\"grid-template-columns:36% auto\"><figure class=\"wp-block-media-text__media\"><img loading=\"lazy\" decoding=\"async\" width=\"1024\" height=\"576\" src=\"https:\/\/educacen.es\/wp-content\/uploads\/2024\/03\/memoria-1024x576.png\" alt=\"\" class=\"wp-image-844 size-full\" srcset=\"https:\/\/educacen.es\/wp-content\/uploads\/2024\/03\/memoria-1024x576.png 1024w, https:\/\/educacen.es\/wp-content\/uploads\/2024\/03\/memoria-300x169.png 300w, https:\/\/educacen.es\/wp-content\/uploads\/2024\/03\/memoria-768x432.png 768w, https:\/\/educacen.es\/wp-content\/uploads\/2024\/03\/memoria-1536x864.png 1536w, https:\/\/educacen.es\/wp-content\/uploads\/2024\/03\/memoria-600x338.png 600w, https:\/\/educacen.es\/wp-content\/uploads\/2024\/03\/memoria.png 1920w\" sizes=\"auto, (max-width: 1024px) 100vw, 1024px\" \/><\/figure><div class=\"wp-block-media-text__content\">\n<p>Materiales que trabajan  la memoria a largo y corto plazo del ni\u00f1o.<\/p>\n<\/div><\/div>\n\n\n\n<div class=\"wp-block-media-text is-stacked-on-mobile\" style=\"grid-template-columns:37% auto\"><figure class=\"wp-block-media-text__media\"><img loading=\"lazy\" decoding=\"async\" width=\"1024\" height=\"576\" src=\"https:\/\/educacen.es\/wp-content\/uploads\/2024\/03\/fichasinteractivas-1024x576.png\" alt=\"\" class=\"wp-image-843 size-full\" srcset=\"https:\/\/educacen.es\/wp-content\/uploads\/2024\/03\/fichasinteractivas-1024x576.png 1024w, https:\/\/educacen.es\/wp-content\/uploads\/2024\/03\/fichasinteractivas-300x169.png 300w, https:\/\/educacen.es\/wp-content\/uploads\/2024\/03\/fichasinteractivas-768x432.png 768w, https:\/\/educacen.es\/wp-content\/uploads\/2024\/03\/fichasinteractivas-1536x864.png 1536w, https:\/\/educacen.es\/wp-content\/uploads\/2024\/03\/fichasinteractivas-600x338.png 600w, https:\/\/educacen.es\/wp-content\/uploads\/2024\/03\/fichasinteractivas.png 1920w\" sizes=\"auto, (max-width: 1024px) 100vw, 1024px\" \/><\/figure><div class=\"wp-block-media-text__content\">\n<p>En esta secci\u00f3n dispones de fichas interactivas donde trabajar las materias curriculares o escolares.<\/p>\n<\/div><\/div>\n\n\n\n<div class=\"wp-block-media-text is-stacked-on-mobile\" style=\"grid-template-columns:37% auto\"><figure class=\"wp-block-media-text__media\"><a href=\"https:\/\/educacen.es\/atencion-2\/\"><img loading=\"lazy\" decoding=\"async\" width=\"1024\" height=\"576\" src=\"https:\/\/educacen.es\/wp-content\/uploads\/2024\/03\/atencion-1024x576.png\" alt=\"\" class=\"wp-image-841 size-full\" srcset=\"https:\/\/educacen.es\/wp-content\/uploads\/2024\/03\/atencion-1024x576.png 1024w, https:\/\/educacen.es\/wp-content\/uploads\/2024\/03\/atencion-300x169.png 300w, https:\/\/educacen.es\/wp-content\/uploads\/2024\/03\/atencion-768x432.png 768w, https:\/\/educacen.es\/wp-content\/uploads\/2024\/03\/atencion-1536x864.png 1536w, https:\/\/educacen.es\/wp-content\/uploads\/2024\/03\/atencion-600x338.png 600w, https:\/\/educacen.es\/wp-content\/uploads\/2024\/03\/atencion.png 1920w\" sizes=\"auto, (max-width: 1024px) 100vw, 1024px\" \/><\/a><\/figure><div class=\"wp-block-media-text__content\">\n<p>Para trabajar y mejorar la atenci\u00f3n selectiva del ni\u00f1o.<\/p>\n<\/div><\/div>\n\n\n\n<div class=\"wp-block-media-text is-stacked-on-mobile\" style=\"grid-template-columns:38% auto\"><figure class=\"wp-block-media-text__media\"><a href=\"https:\/\/educacen.es\/logopedia\/\"><img loading=\"lazy\" decoding=\"async\" width=\"1024\" height=\"576\" src=\"https:\/\/educacen.es\/wp-content\/uploads\/2024\/03\/comprension-verbal-1024x576.png\" alt=\"\" class=\"wp-image-842 size-full\" srcset=\"https:\/\/educacen.es\/wp-content\/uploads\/2024\/03\/comprension-verbal-1024x576.png 1024w, https:\/\/educacen.es\/wp-content\/uploads\/2024\/03\/comprension-verbal-300x169.png 300w, https:\/\/educacen.es\/wp-content\/uploads\/2024\/03\/comprension-verbal-768x432.png 768w, https:\/\/educacen.es\/wp-content\/uploads\/2024\/03\/comprension-verbal-1536x864.png 1536w, https:\/\/educacen.es\/wp-content\/uploads\/2024\/03\/comprension-verbal-600x338.png 600w, https:\/\/educacen.es\/wp-content\/uploads\/2024\/03\/comprension-verbal.png 1920w\" sizes=\"auto, (max-width: 1024px) 100vw, 1024px\" \/><\/a><\/figure><div class=\"wp-block-media-text__content\">\n<p>En esta secci\u00f3n dispones de ejercicios que refuerzan la comprensi\u00f3n y habilidades lectoras del  ni\u00f1o.<\/p>\n<\/div><\/div>\n\n\n\n<p>Todas estas actividades est\u00e1n dise\u00f1adas para ser utilizadas por profesionales en sus centros  de trabajo y para papas con ni\u00f1os. Pero eso s\u00ed, no dude en acudir a un profesional del sector para detectar las necesidades reales que necesita. <\/p>\n\n\n\n<div class=\"wp-block-buttons is-layout-flex wp-block-buttons-is-layout-flex\">\n<div class=\"wp-block-button\"><a class=\"wp-block-button__link wp-element-button\">Atenci\u00f3n<\/a><\/div>\n\n\n\n<div class=\"wp-block-button\"><a class=\"wp-block-button__link wp-element-button\">Comprensi\u00f3n verbal<\/a><\/div>\n\n\n\n<div class=\"wp-block-button\"><a class=\"wp-block-button__link wp-element-button\">Funci\u00f3n ejecutiva<\/a><\/div>\n\n\n\n<div class=\"wp-block-button\"><a class=\"wp-block-button__link wp-element-button\">Memoria<\/a><\/div>\n\n\n\n<div class=\"wp-block-button\"><a class=\"wp-block-button__link wp-element-button\">Razonamiento<\/a><\/div>\n\n\n\n<div class=\"wp-block-button\"><a class=\"wp-block-button__link wp-element-button\">Velocidad de procesamiento<\/a><\/div>\n\n\n\n<div class=\"wp-block-button\"><a class=\"wp-block-button__link wp-element-button\">Visoespacial<\/a><\/div>\n\n\n\n<div class=\"wp-block-button\"><a class=\"wp-block-button__link wp-element-button\">Fichas escolares<\/a><\/div>\n\n\n\n<div class=\"wp-block-button\"><a class=\"wp-block-button__link wp-element-button\">logopedia<\/a><\/div>\n<\/div>\n\n\n\n<div class=\"wp-block-query is-layout-flow wp-block-query-is-layout-flow\"><ul class=\"wp-block-post-template is-layout-flow wp-block-post-template-is-layout-flow\"><li class=\"wp-block-post post-1096 post type-post status-publish format-standard hentry category-logopedia\">\n<h2 class=\"wp-block-post-title\">Contenido restringido a usuarios. Puedes darte de alta si lo deseas<\/h2>\n\n<div class=\"wp-block-post-date\"><time datetime=\"2025-03-10T11:23:33+00:00\">marzo 10, 2025<\/time><\/div>\n\n<div class=\"wp-block-post-excerpt\"><p class=\"wp-block-post-excerpt__excerpt\"> <\/p><\/div>\n<\/li><li class=\"wp-block-post post-590 post type-post status-publish format-standard has-post-thumbnail hentry category-cursos category-logopedia category-psicologia tag-bienvenidos\">\n<h2 class=\"wp-block-post-title\">Bienvenidos a nuestro nuevo portal<\/h2>\n\n<div class=\"wp-block-post-date\"><time datetime=\"2023-09-19T11:18:29+00:00\">septiembre 19, 2023<\/time><\/div>\n\n<div class=\"wp-block-post-excerpt\"><p class=\"wp-block-post-excerpt__excerpt\">Bienvenidos a nuestro nuevo portal. Dise\u00f1ado para padres y profesionales del sector de la educaci\u00f3n especial. Despu\u00e9s de toda la experiencia adquirida en estos a\u00f1os, hemos escuchado a nuestros usuarios y hemos decidido hacer un espacio privado, donde poder disponer de cientos de materiales y recursos que pondremos a vuestra [&hellip;] <\/p><\/div>\n<\/li><\/ul><\/div>\n","protected":false},"excerpt":{"rendered":"<p>Aqu\u00ed podr\u00e1s buscar y consultar todos los materiales educativos interactivos que tenemos a vuestra disposici\u00f3n. Utiliza el buscador y las descripciones para saber exactamente en que consiste. Recuerda que para acceder a ellos debes estar registrado en nuestra web. Tambi\u00e9n puedes darte de alta de nuestro portal y buscarlos por [&hellip;]<\/p>\n","protected":false},"author":1,"featured_media":0,"parent":0,"menu_order":0,"comment_status":"closed","ping_status":"closed","template":"page-templates\/template-fullwidth.php","meta":{"footnotes":""},"class_list":["post-602","page","type-page","status-publish","hentry"],"yoast_head":"<!-- This site is optimized with the Yoast SEO plugin v27.0 - https:\/\/yoast.com\/product\/yoast-seo-wordpress\/ -->\n<title>Materiales Educativos Interactivos - Educa-Cen<\/title>\n<meta name=\"description\" content=\"desde esta pagina podr\u00e1s consultar loso materiales educativos interactivos desarrollados exclusivamente por nosotros.\" \/>\n<meta name=\"robots\" content=\"index, follow, max-snippet:-1, max-image-preview:large, max-video-preview:-1\" \/>\n<link rel=\"canonical\" href=\"https:\/\/educacen.es\/inicio\/materiales-interactivos\/\" \/>\n<meta property=\"og:locale\" content=\"es_ES\" \/>\n<meta property=\"og:type\" content=\"article\" \/>\n<meta property=\"og:title\" content=\"Materiales Educativos Interactivos - Educa-Cen\" \/>\n<meta property=\"og:description\" content=\"desde esta pagina podr\u00e1s consultar loso materiales educativos interactivos desarrollados exclusivamente por nosotros.\" \/>\n<meta property=\"og:url\" content=\"https:\/\/educacen.es\/inicio\/materiales-interactivos\/\" \/>\n<meta property=\"og:site_name\" content=\"Educa-Cen\" \/>\n<meta property=\"article:modified_time\" content=\"2025-02-14T10:26:23+00:00\" \/>\n<meta property=\"og:image\" content=\"https:\/\/educacen.es\/wp-content\/uploads\/2024\/03\/razonamiento-1024x576.png\" \/>\n<meta name=\"twitter:card\" content=\"summary_large_image\" \/>\n<meta name=\"twitter:site\" content=\"@educacen\" \/>\n<meta name=\"twitter:label1\" content=\"Tiempo de lectura\" \/>\n\t<meta name=\"twitter:data1\" content=\"3 minutos\" \/>\n<script type=\"application\/ld+json\" class=\"yoast-schema-graph\">{\"@context\":\"https:\/\/schema.org\",\"@graph\":[{\"@type\":\"WebPage\",\"@id\":\"https:\/\/educacen.es\/inicio\/materiales-interactivos\/\",\"url\":\"https:\/\/educacen.es\/inicio\/materiales-interactivos\/\",\"name\":\"Materiales Educativos Interactivos - Educa-Cen\",\"isPartOf\":{\"@id\":\"https:\/\/educacen.es\/inicio\/#website\"},\"primaryImageOfPage\":{\"@id\":\"https:\/\/educacen.es\/inicio\/materiales-interactivos\/#primaryimage\"},\"image\":{\"@id\":\"https:\/\/educacen.es\/inicio\/materiales-interactivos\/#primaryimage\"},\"thumbnailUrl\":\"https:\/\/educacen.es\/wp-content\/uploads\/2024\/03\/razonamiento-1024x576.png\",\"datePublished\":\"2023-09-19T15:34:44+00:00\",\"dateModified\":\"2025-02-14T10:26:23+00:00\",\"description\":\"desde esta pagina podr\u00e1s consultar loso materiales educativos interactivos desarrollados exclusivamente por nosotros.\",\"breadcrumb\":{\"@id\":\"https:\/\/educacen.es\/inicio\/materiales-interactivos\/#breadcrumb\"},\"inLanguage\":\"es\",\"potentialAction\":[{\"@type\":\"ReadAction\",\"target\":[\"https:\/\/educacen.es\/inicio\/materiales-interactivos\/\"]}]},{\"@type\":\"ImageObject\",\"inLanguage\":\"es\",\"@id\":\"https:\/\/educacen.es\/inicio\/materiales-interactivos\/#primaryimage\",\"url\":\"https:\/\/educacen.es\/wp-content\/uploads\/2024\/03\/razonamiento-1024x576.png\",\"contentUrl\":\"https:\/\/educacen.es\/wp-content\/uploads\/2024\/03\/razonamiento-1024x576.png\"},{\"@type\":\"BreadcrumbList\",\"@id\":\"https:\/\/educacen.es\/inicio\/materiales-interactivos\/#breadcrumb\",\"itemListElement\":[{\"@type\":\"ListItem\",\"position\":1,\"name\":\"Portada\",\"item\":\"https:\/\/educacen.es\/inicio\/\"},{\"@type\":\"ListItem\",\"position\":2,\"name\":\"Materiales Educativos Interactivos\"}]},{\"@type\":\"WebSite\",\"@id\":\"https:\/\/educacen.es\/inicio\/#website\",\"url\":\"https:\/\/educacen.es\/inicio\/\",\"name\":\"Educa-Cen\",\"description\":\"Gabinete de Educaci\u00f3n Especial\",\"publisher\":{\"@id\":\"https:\/\/educacen.es\/inicio\/#organization\"},\"potentialAction\":[{\"@type\":\"SearchAction\",\"target\":{\"@type\":\"EntryPoint\",\"urlTemplate\":\"https:\/\/educacen.es\/inicio\/?s={search_term_string}\"},\"query-input\":{\"@type\":\"PropertyValueSpecification\",\"valueRequired\":true,\"valueName\":\"search_term_string\"}}],\"inLanguage\":\"es\"},{\"@type\":\"Organization\",\"@id\":\"https:\/\/educacen.es\/inicio\/#organization\",\"name\":\"Educa-Cen-Gabinete de psicolog\u00eda, logopedia y psicopedagog\u00eda.\",\"url\":\"https:\/\/educacen.es\/inicio\/\",\"logo\":{\"@type\":\"ImageObject\",\"inLanguage\":\"es\",\"@id\":\"https:\/\/educacen.es\/inicio\/#\/schema\/logo\/image\/\",\"url\":\"https:\/\/educacen.es\/wp-content\/uploads\/2019\/06\/logo-educa-cen-scaled.jpg\",\"contentUrl\":\"https:\/\/educacen.es\/wp-content\/uploads\/2019\/06\/logo-educa-cen-scaled.jpg\",\"width\":2560,\"height\":1316,\"caption\":\"Educa-Cen-Gabinete de psicolog\u00eda, logopedia y psicopedagog\u00eda.\"},\"image\":{\"@id\":\"https:\/\/educacen.es\/inicio\/#\/schema\/logo\/image\/\"},\"sameAs\":[\"https:\/\/x.com\/educacen\"]}]}<\/script>\n<!-- \/ Yoast SEO plugin. -->","yoast_head_json":{"title":"Materiales Educativos Interactivos - Educa-Cen","description":"desde esta pagina podr\u00e1s consultar loso materiales educativos interactivos desarrollados exclusivamente por nosotros.","robots":{"index":"index","follow":"follow","max-snippet":"max-snippet:-1","max-image-preview":"max-image-preview:large","max-video-preview":"max-video-preview:-1"},"canonical":"https:\/\/educacen.es\/inicio\/materiales-interactivos\/","og_locale":"es_ES","og_type":"article","og_title":"Materiales Educativos Interactivos - Educa-Cen","og_description":"desde esta pagina podr\u00e1s consultar loso materiales educativos interactivos desarrollados exclusivamente por nosotros.","og_url":"https:\/\/educacen.es\/inicio\/materiales-interactivos\/","og_site_name":"Educa-Cen","article_modified_time":"2025-02-14T10:26:23+00:00","og_image":[{"url":"https:\/\/educacen.es\/wp-content\/uploads\/2024\/03\/razonamiento-1024x576.png","type":"","width":"","height":""}],"twitter_card":"summary_large_image","twitter_site":"@educacen","twitter_misc":{"Tiempo de lectura":"3 minutos"},"schema":{"@context":"https:\/\/schema.org","@graph":[{"@type":"WebPage","@id":"https:\/\/educacen.es\/inicio\/materiales-interactivos\/","url":"https:\/\/educacen.es\/inicio\/materiales-interactivos\/","name":"Materiales Educativos Interactivos - Educa-Cen","isPartOf":{"@id":"https:\/\/educacen.es\/inicio\/#website"},"primaryImageOfPage":{"@id":"https:\/\/educacen.es\/inicio\/materiales-interactivos\/#primaryimage"},"image":{"@id":"https:\/\/educacen.es\/inicio\/materiales-interactivos\/#primaryimage"},"thumbnailUrl":"https:\/\/educacen.es\/wp-content\/uploads\/2024\/03\/razonamiento-1024x576.png","datePublished":"2023-09-19T15:34:44+00:00","dateModified":"2025-02-14T10:26:23+00:00","description":"desde esta pagina podr\u00e1s consultar loso materiales educativos interactivos desarrollados exclusivamente por nosotros.","breadcrumb":{"@id":"https:\/\/educacen.es\/inicio\/materiales-interactivos\/#breadcrumb"},"inLanguage":"es","potentialAction":[{"@type":"ReadAction","target":["https:\/\/educacen.es\/inicio\/materiales-interactivos\/"]}]},{"@type":"ImageObject","inLanguage":"es","@id":"https:\/\/educacen.es\/inicio\/materiales-interactivos\/#primaryimage","url":"https:\/\/educacen.es\/wp-content\/uploads\/2024\/03\/razonamiento-1024x576.png","contentUrl":"https:\/\/educacen.es\/wp-content\/uploads\/2024\/03\/razonamiento-1024x576.png"},{"@type":"BreadcrumbList","@id":"https:\/\/educacen.es\/inicio\/materiales-interactivos\/#breadcrumb","itemListElement":[{"@type":"ListItem","position":1,"name":"Portada","item":"https:\/\/educacen.es\/inicio\/"},{"@type":"ListItem","position":2,"name":"Materiales Educativos Interactivos"}]},{"@type":"WebSite","@id":"https:\/\/educacen.es\/inicio\/#website","url":"https:\/\/educacen.es\/inicio\/","name":"Educa-Cen","description":"Gabinete de Educaci\u00f3n Especial","publisher":{"@id":"https:\/\/educacen.es\/inicio\/#organization"},"potentialAction":[{"@type":"SearchAction","target":{"@type":"EntryPoint","urlTemplate":"https:\/\/educacen.es\/inicio\/?s={search_term_string}"},"query-input":{"@type":"PropertyValueSpecification","valueRequired":true,"valueName":"search_term_string"}}],"inLanguage":"es"},{"@type":"Organization","@id":"https:\/\/educacen.es\/inicio\/#organization","name":"Educa-Cen-Gabinete de psicolog\u00eda, logopedia y psicopedagog\u00eda.","url":"https:\/\/educacen.es\/inicio\/","logo":{"@type":"ImageObject","inLanguage":"es","@id":"https:\/\/educacen.es\/inicio\/#\/schema\/logo\/image\/","url":"https:\/\/educacen.es\/wp-content\/uploads\/2019\/06\/logo-educa-cen-scaled.jpg","contentUrl":"https:\/\/educacen.es\/wp-content\/uploads\/2019\/06\/logo-educa-cen-scaled.jpg","width":2560,"height":1316,"caption":"Educa-Cen-Gabinete de psicolog\u00eda, logopedia y psicopedagog\u00eda."},"image":{"@id":"https:\/\/educacen.es\/inicio\/#\/schema\/logo\/image\/"},"sameAs":["https:\/\/x.com\/educacen"]}]}},"_links":{"self":[{"href":"https:\/\/educacen.es\/inicio\/wp-json\/wp\/v2\/pages\/602","targetHints":{"allow":["GET"]}}],"collection":[{"href":"https:\/\/educacen.es\/inicio\/wp-json\/wp\/v2\/pages"}],"about":[{"href":"https:\/\/educacen.es\/inicio\/wp-json\/wp\/v2\/types\/page"}],"author":[{"embeddable":true,"href":"https:\/\/educacen.es\/inicio\/wp-json\/wp\/v2\/users\/1"}],"replies":[{"embeddable":true,"href":"https:\/\/educacen.es\/inicio\/wp-json\/wp\/v2\/comments?post=602"}],"version-history":[{"count":20,"href":"https:\/\/educacen.es\/inicio\/wp-json\/wp\/v2\/pages\/602\/revisions"}],"predecessor-version":[{"id":1052,"href":"https:\/\/educacen.es\/inicio\/wp-json\/wp\/v2\/pages\/602\/revisions\/1052"}],"wp:attachment":[{"href":"https:\/\/educacen.es\/inicio\/wp-json\/wp\/v2\/media?parent=602"}],"curies":[{"name":"wp","href":"https:\/\/api.w.org\/{rel}","templated":true}]}}