{"id":563,"date":"2023-09-14T15:08:20","date_gmt":"2023-09-14T15:08:20","guid":{"rendered":"https:\/\/educacen.es\/password-reset"},"modified":"2023-09-14T15:08:20","modified_gmt":"2023-09-14T15:08:20","slug":"password-reset","status":"publish","type":"page","link":"https:\/\/educacen.es\/inicio\/password-reset\/","title":{"rendered":"Restablecer la contrase\u00f1a"},"content":{"rendered":"<div class=\"um um-password um-um_password_id\">\n\t<div class=\"um-form\">\n\t\t<form method=\"post\" action=\"\">\n\t\t\t\n\t\t\t\t<input type=\"hidden\" name=\"_um_password_reset\" id=\"_um_password_reset\" value=\"1\" \/>\n\n\t\t\t\t\t\t\t\t\t<div class=\"um-field um-field-block um-field-type_block\">\n\t\t\t\t\t\t<div class=\"um-field-block\">\n\t\t\t\t\t\t\t<div style=\"text-align:center;\">\n\t\t\t\t\t\t\t\tPara restablecer tu contrase\u00f1a, por favor, introduce a continuaci\u00f3n tu direcci\u00f3n de correo electr\u00f3nico o nombre de usuario.\t\t\t\t\t\t\t<\/div>\n\t\t\t\t\t\t<\/div>\n\t\t\t\t\t<\/div>\n\t\t\t\t\t<div  id=\"um_field_0_username_b\" class=\"um-field um-field-text  um-field-username_b um-field-text um-field-type_text\" data-key=\"username_b\"><div class=\"um-field-area\"><input  autocomplete=\"off\" class=\"um-form-field valid \" type=\"text\" name=\"username_b\" id=\"username_b\" value=\"\" placeholder=\"Introduce tu nombre de usuario o correo electr\u00f3nico\" data-validate=\"\" data-key=\"username_b\"  aria-invalid=\"false\" \/>\n\n\t\t\t\t\t\t<\/div><\/div>\t\t\t\t<div class=\"um-col-alt um-col-alt-b\">\n\t\t\t\t\t<div class=\"um-center\">\n\t\t\t\t\t\t<input type=\"submit\" value=\"Restablecer contrase\u00f1a\" class=\"um-button\" id=\"um-submit-btn\" \/>\n\t\t\t\t\t<\/div>\n\t\t\t\t\t<div class=\"um-clear\"><\/div>\n\t\t\t\t<\/div>\n\t\t\t\t\t<input type=\"hidden\" name=\"form_id\" id=\"form_id_um_password_id\" value=\"um_password_id\" \/>\n\t\t<p class=\"um_request_name\">\n\t\t<label for=\"um_request_um_password_id\">Only fill in if you are not human<\/label>\n\t\t<input type=\"hidden\" name=\"um_request\" id=\"um_request_um_password_id\" class=\"input\" value=\"\" size=\"25\" autocomplete=\"off\" \/>\n\t<\/p>\n\t\t\t<\/form>\n\t<\/div>\n<\/div>\n<style>\n\t\t\t.um-um_password_id.um {\n\t\t\tmax-width: 450px;\n\t\t}\n\t\t<\/style>\n\n","protected":false},"excerpt":{"rendered":"","protected":false},"author":1,"featured_media":0,"parent":0,"menu_order":0,"comment_status":"closed","ping_status":"closed","template":"","meta":{"footnotes":""},"class_list":["post-563","page","type-page","status-publish","hentry"],"yoast_head":"<!-- This site is optimized with the Yoast SEO plugin v27.0 - https:\/\/yoast.com\/product\/yoast-seo-wordpress\/ -->\n<title>Restablecer la contrase\u00f1a - Educa-Cen<\/title>\n<meta name=\"robots\" content=\"index, follow, max-snippet:-1, max-image-preview:large, max-video-preview:-1\" \/>\n<link rel=\"canonical\" href=\"https:\/\/educacen.es\/inicio\/password-reset\/\" \/>\n<meta property=\"og:locale\" content=\"es_ES\" \/>\n<meta property=\"og:type\" content=\"article\" \/>\n<meta property=\"og:title\" content=\"Restablecer la contrase\u00f1a - Educa-Cen\" \/>\n<meta property=\"og:url\" content=\"https:\/\/educacen.es\/inicio\/password-reset\/\" \/>\n<meta property=\"og:site_name\" content=\"Educa-Cen\" \/>\n<meta name=\"twitter:card\" content=\"summary_large_image\" \/>\n<meta name=\"twitter:site\" content=\"@educacen\" \/>\n<script type=\"application\/ld+json\" class=\"yoast-schema-graph\">{\"@context\":\"https:\/\/schema.org\",\"@graph\":[{\"@type\":\"WebPage\",\"@id\":\"https:\/\/educacen.es\/inicio\/password-reset\/\",\"url\":\"https:\/\/educacen.es\/inicio\/password-reset\/\",\"name\":\"Restablecer la contrase\u00f1a - Educa-Cen\",\"isPartOf\":{\"@id\":\"https:\/\/educacen.es\/inicio\/#website\"},\"datePublished\":\"2023-09-14T15:08:20+00:00\",\"breadcrumb\":{\"@id\":\"https:\/\/educacen.es\/inicio\/password-reset\/#breadcrumb\"},\"inLanguage\":\"es\",\"potentialAction\":[{\"@type\":\"ReadAction\",\"target\":[\"https:\/\/educacen.es\/inicio\/password-reset\/\"]}]},{\"@type\":\"BreadcrumbList\",\"@id\":\"https:\/\/educacen.es\/inicio\/password-reset\/#breadcrumb\",\"itemListElement\":[{\"@type\":\"ListItem\",\"position\":1,\"name\":\"Portada\",\"item\":\"https:\/\/educacen.es\/inicio\/\"},{\"@type\":\"ListItem\",\"position\":2,\"name\":\"Restablecer la contrase\u00f1a\"}]},{\"@type\":\"WebSite\",\"@id\":\"https:\/\/educacen.es\/inicio\/#website\",\"url\":\"https:\/\/educacen.es\/inicio\/\",\"name\":\"Educa-Cen\",\"description\":\"Gabinete de Educaci\u00f3n Especial\",\"publisher\":{\"@id\":\"https:\/\/educacen.es\/inicio\/#organization\"},\"potentialAction\":[{\"@type\":\"SearchAction\",\"target\":{\"@type\":\"EntryPoint\",\"urlTemplate\":\"https:\/\/educacen.es\/inicio\/?s={search_term_string}\"},\"query-input\":{\"@type\":\"PropertyValueSpecification\",\"valueRequired\":true,\"valueName\":\"search_term_string\"}}],\"inLanguage\":\"es\"},{\"@type\":\"Organization\",\"@id\":\"https:\/\/educacen.es\/inicio\/#organization\",\"name\":\"Educa-Cen-Gabinete de psicolog\u00eda, logopedia y psicopedagog\u00eda.\",\"url\":\"https:\/\/educacen.es\/inicio\/\",\"logo\":{\"@type\":\"ImageObject\",\"inLanguage\":\"es\",\"@id\":\"https:\/\/educacen.es\/inicio\/#\/schema\/logo\/image\/\",\"url\":\"https:\/\/educacen.es\/wp-content\/uploads\/2019\/06\/logo-educa-cen-scaled.jpg\",\"contentUrl\":\"https:\/\/educacen.es\/wp-content\/uploads\/2019\/06\/logo-educa-cen-scaled.jpg\",\"width\":2560,\"height\":1316,\"caption\":\"Educa-Cen-Gabinete de psicolog\u00eda, logopedia y psicopedagog\u00eda.\"},\"image\":{\"@id\":\"https:\/\/educacen.es\/inicio\/#\/schema\/logo\/image\/\"},\"sameAs\":[\"https:\/\/x.com\/educacen\"]}]}<\/script>\n<!-- \/ Yoast SEO plugin. -->","yoast_head_json":{"title":"Restablecer la contrase\u00f1a - Educa-Cen","robots":{"index":"index","follow":"follow","max-snippet":"max-snippet:-1","max-image-preview":"max-image-preview:large","max-video-preview":"max-video-preview:-1"},"canonical":"https:\/\/educacen.es\/inicio\/password-reset\/","og_locale":"es_ES","og_type":"article","og_title":"Restablecer la contrase\u00f1a - Educa-Cen","og_url":"https:\/\/educacen.es\/inicio\/password-reset\/","og_site_name":"Educa-Cen","twitter_card":"summary_large_image","twitter_site":"@educacen","schema":{"@context":"https:\/\/schema.org","@graph":[{"@type":"WebPage","@id":"https:\/\/educacen.es\/inicio\/password-reset\/","url":"https:\/\/educacen.es\/inicio\/password-reset\/","name":"Restablecer la contrase\u00f1a - Educa-Cen","isPartOf":{"@id":"https:\/\/educacen.es\/inicio\/#website"},"datePublished":"2023-09-14T15:08:20+00:00","breadcrumb":{"@id":"https:\/\/educacen.es\/inicio\/password-reset\/#breadcrumb"},"inLanguage":"es","potentialAction":[{"@type":"ReadAction","target":["https:\/\/educacen.es\/inicio\/password-reset\/"]}]},{"@type":"BreadcrumbList","@id":"https:\/\/educacen.es\/inicio\/password-reset\/#breadcrumb","itemListElement":[{"@type":"ListItem","position":1,"name":"Portada","item":"https:\/\/educacen.es\/inicio\/"},{"@type":"ListItem","position":2,"name":"Restablecer la contrase\u00f1a"}]},{"@type":"WebSite","@id":"https:\/\/educacen.es\/inicio\/#website","url":"https:\/\/educacen.es\/inicio\/","name":"Educa-Cen","description":"Gabinete de Educaci\u00f3n Especial","publisher":{"@id":"https:\/\/educacen.es\/inicio\/#organization"},"potentialAction":[{"@type":"SearchAction","target":{"@type":"EntryPoint","urlTemplate":"https:\/\/educacen.es\/inicio\/?s={search_term_string}"},"query-input":{"@type":"PropertyValueSpecification","valueRequired":true,"valueName":"search_term_string"}}],"inLanguage":"es"},{"@type":"Organization","@id":"https:\/\/educacen.es\/inicio\/#organization","name":"Educa-Cen-Gabinete de psicolog\u00eda, logopedia y psicopedagog\u00eda.","url":"https:\/\/educacen.es\/inicio\/","logo":{"@type":"ImageObject","inLanguage":"es","@id":"https:\/\/educacen.es\/inicio\/#\/schema\/logo\/image\/","url":"https:\/\/educacen.es\/wp-content\/uploads\/2019\/06\/logo-educa-cen-scaled.jpg","contentUrl":"https:\/\/educacen.es\/wp-content\/uploads\/2019\/06\/logo-educa-cen-scaled.jpg","width":2560,"height":1316,"caption":"Educa-Cen-Gabinete de psicolog\u00eda, logopedia y psicopedagog\u00eda."},"image":{"@id":"https:\/\/educacen.es\/inicio\/#\/schema\/logo\/image\/"},"sameAs":["https:\/\/x.com\/educacen"]}]}},"_links":{"self":[{"href":"https:\/\/educacen.es\/inicio\/wp-json\/wp\/v2\/pages\/563","targetHints":{"allow":["GET"]}}],"collection":[{"href":"https:\/\/educacen.es\/inicio\/wp-json\/wp\/v2\/pages"}],"about":[{"href":"https:\/\/educacen.es\/inicio\/wp-json\/wp\/v2\/types\/page"}],"author":[{"embeddable":true,"href":"https:\/\/educacen.es\/inicio\/wp-json\/wp\/v2\/users\/1"}],"replies":[{"embeddable":true,"href":"https:\/\/educacen.es\/inicio\/wp-json\/wp\/v2\/comments?post=563"}],"version-history":[{"count":0,"href":"https:\/\/educacen.es\/inicio\/wp-json\/wp\/v2\/pages\/563\/revisions"}],"wp:attachment":[{"href":"https:\/\/educacen.es\/inicio\/wp-json\/wp\/v2\/media?parent=563"}],"curies":[{"name":"wp","href":"https:\/\/api.w.org\/{rel}","templated":true}]}}