{"id":517,"date":"2023-09-07T10:44:21","date_gmt":"2023-09-07T10:44:21","guid":{"rendered":"https:\/\/educacen.es\/?page_id=517"},"modified":"2025-05-19T16:58:02","modified_gmt":"2025-05-19T16:58:02","slug":"logopedia","status":"publish","type":"page","link":"https:\/\/educacen.es\/inicio\/logopedia\/","title":{"rendered":"Contenido restringido a usuarios. Puedes darte de alta si lo deseas"},"content":{"rendered":"Debes estar logueado para consultar esta informaci\u00f3n. Actualmente mantenemos una versi\u00f3n beta de nuestra web, pero en breve podr\u00e1s darte de alta si lo deseas.","protected":false},"excerpt":{"rendered":"","protected":false},"author":1,"featured_media":0,"parent":0,"menu_order":0,"comment_status":"closed","ping_status":"closed","template":"","meta":{"footnotes":""},"class_list":["post-517","page","type-page","status-publish","hentry"],"yoast_head":"<!-- This site is optimized with the Yoast SEO plugin v27.0 - https:\/\/yoast.com\/product\/yoast-seo-wordpress\/ -->\n<title>logopedia - Educa-Cen<\/title>\n<meta name=\"description\" content=\"Aqu\u00ed puedes acceder a cientos de materiales de logopedia para trabajar en casa as\u00ed como de sus explicaciones correspondientes.\" \/>\n<meta name=\"robots\" content=\"index, follow, max-snippet:-1, max-image-preview:large, max-video-preview:-1\" \/>\n<link rel=\"canonical\" href=\"https:\/\/educacen.es\/inicio\/logopedia\/\" \/>\n<meta property=\"og:locale\" content=\"es_ES\" \/>\n<meta property=\"og:type\" content=\"article\" \/>\n<meta property=\"og:title\" content=\"logopedia - Educa-Cen\" \/>\n<meta property=\"og:description\" content=\"Aqu\u00ed puedes acceder a cientos de materiales de logopedia para trabajar en casa as\u00ed como de sus explicaciones correspondientes.\" \/>\n<meta property=\"og:url\" content=\"https:\/\/educacen.es\/inicio\/logopedia\/\" \/>\n<meta property=\"og:site_name\" content=\"Educa-Cen\" \/>\n<meta property=\"article:modified_time\" content=\"2025-05-19T16:58:02+00:00\" \/>\n<meta property=\"og:image\" content=\"https:\/\/educacen.es\/wp-content\/uploads\/2024\/05\/sumas.jpg\" \/>\n<meta name=\"twitter:card\" content=\"summary_large_image\" \/>\n<meta name=\"twitter:site\" content=\"@educacen\" \/>\n<meta name=\"twitter:label1\" content=\"Tiempo de lectura\" \/>\n\t<meta name=\"twitter:data1\" content=\"4 minutos\" \/>\n<script type=\"application\/ld+json\" class=\"yoast-schema-graph\">{\"@context\":\"https:\/\/schema.org\",\"@graph\":[{\"@type\":\"WebPage\",\"@id\":\"https:\/\/educacen.es\/inicio\/logopedia\/\",\"url\":\"https:\/\/educacen.es\/inicio\/logopedia\/\",\"name\":\"logopedia - Educa-Cen\",\"isPartOf\":{\"@id\":\"https:\/\/educacen.es\/inicio\/#website\"},\"primaryImageOfPage\":{\"@id\":\"https:\/\/educacen.es\/inicio\/logopedia\/#primaryimage\"},\"image\":{\"@id\":\"https:\/\/educacen.es\/inicio\/logopedia\/#primaryimage\"},\"thumbnailUrl\":\"https:\/\/educacen.es\/wp-content\/uploads\/2024\/05\/sumas.jpg\",\"datePublished\":\"2023-09-07T10:44:21+00:00\",\"dateModified\":\"2025-05-19T16:58:02+00:00\",\"description\":\"Aqu\u00ed puedes acceder a cientos de materiales de logopedia para trabajar en casa as\u00ed como de sus explicaciones correspondientes.\",\"breadcrumb\":{\"@id\":\"https:\/\/educacen.es\/inicio\/logopedia\/#breadcrumb\"},\"inLanguage\":\"es\",\"potentialAction\":[{\"@type\":\"ReadAction\",\"target\":[\"https:\/\/educacen.es\/inicio\/logopedia\/\"]}]},{\"@type\":\"ImageObject\",\"inLanguage\":\"es\",\"@id\":\"https:\/\/educacen.es\/inicio\/logopedia\/#primaryimage\",\"url\":\"https:\/\/educacen.es\/wp-content\/uploads\/2024\/05\/sumas.jpg\",\"contentUrl\":\"https:\/\/educacen.es\/wp-content\/uploads\/2024\/05\/sumas.jpg\"},{\"@type\":\"BreadcrumbList\",\"@id\":\"https:\/\/educacen.es\/inicio\/logopedia\/#breadcrumb\",\"itemListElement\":[{\"@type\":\"ListItem\",\"position\":1,\"name\":\"Portada\",\"item\":\"https:\/\/educacen.es\/inicio\/\"},{\"@type\":\"ListItem\",\"position\":2,\"name\":\"Contenido restringido a usuarios. Puedes darte de alta si lo deseas\"}]},{\"@type\":\"WebSite\",\"@id\":\"https:\/\/educacen.es\/inicio\/#website\",\"url\":\"https:\/\/educacen.es\/inicio\/\",\"name\":\"Educa-Cen\",\"description\":\"Gabinete de Educaci\u00f3n Especial\",\"publisher\":{\"@id\":\"https:\/\/educacen.es\/inicio\/#organization\"},\"potentialAction\":[{\"@type\":\"SearchAction\",\"target\":{\"@type\":\"EntryPoint\",\"urlTemplate\":\"https:\/\/educacen.es\/inicio\/?s={search_term_string}\"},\"query-input\":{\"@type\":\"PropertyValueSpecification\",\"valueRequired\":true,\"valueName\":\"search_term_string\"}}],\"inLanguage\":\"es\"},{\"@type\":\"Organization\",\"@id\":\"https:\/\/educacen.es\/inicio\/#organization\",\"name\":\"Educa-Cen-Gabinete de psicolog\u00eda, logopedia y psicopedagog\u00eda.\",\"url\":\"https:\/\/educacen.es\/inicio\/\",\"logo\":{\"@type\":\"ImageObject\",\"inLanguage\":\"es\",\"@id\":\"https:\/\/educacen.es\/inicio\/#\/schema\/logo\/image\/\",\"url\":\"https:\/\/educacen.es\/wp-content\/uploads\/2019\/06\/logo-educa-cen-scaled.jpg\",\"contentUrl\":\"https:\/\/educacen.es\/wp-content\/uploads\/2019\/06\/logo-educa-cen-scaled.jpg\",\"width\":2560,\"height\":1316,\"caption\":\"Educa-Cen-Gabinete de psicolog\u00eda, logopedia y psicopedagog\u00eda.\"},\"image\":{\"@id\":\"https:\/\/educacen.es\/inicio\/#\/schema\/logo\/image\/\"},\"sameAs\":[\"https:\/\/x.com\/educacen\"]}]}<\/script>\n<!-- \/ Yoast SEO plugin. -->","yoast_head_json":{"title":"logopedia - Educa-Cen","description":"Aqu\u00ed puedes acceder a cientos de materiales de logopedia para trabajar en casa as\u00ed como de sus explicaciones correspondientes.","robots":{"index":"index","follow":"follow","max-snippet":"max-snippet:-1","max-image-preview":"max-image-preview:large","max-video-preview":"max-video-preview:-1"},"canonical":"https:\/\/educacen.es\/inicio\/logopedia\/","og_locale":"es_ES","og_type":"article","og_title":"logopedia - Educa-Cen","og_description":"Aqu\u00ed puedes acceder a cientos de materiales de logopedia para trabajar en casa as\u00ed como de sus explicaciones correspondientes.","og_url":"https:\/\/educacen.es\/inicio\/logopedia\/","og_site_name":"Educa-Cen","article_modified_time":"2025-05-19T16:58:02+00:00","og_image":[{"url":"https:\/\/educacen.es\/wp-content\/uploads\/2024\/05\/sumas.jpg","type":"","width":"","height":""}],"twitter_card":"summary_large_image","twitter_site":"@educacen","twitter_misc":{"Tiempo de lectura":"4 minutos"},"schema":{"@context":"https:\/\/schema.org","@graph":[{"@type":"WebPage","@id":"https:\/\/educacen.es\/inicio\/logopedia\/","url":"https:\/\/educacen.es\/inicio\/logopedia\/","name":"logopedia - Educa-Cen","isPartOf":{"@id":"https:\/\/educacen.es\/inicio\/#website"},"primaryImageOfPage":{"@id":"https:\/\/educacen.es\/inicio\/logopedia\/#primaryimage"},"image":{"@id":"https:\/\/educacen.es\/inicio\/logopedia\/#primaryimage"},"thumbnailUrl":"https:\/\/educacen.es\/wp-content\/uploads\/2024\/05\/sumas.jpg","datePublished":"2023-09-07T10:44:21+00:00","dateModified":"2025-05-19T16:58:02+00:00","description":"Aqu\u00ed puedes acceder a cientos de materiales de logopedia para trabajar en casa as\u00ed como de sus explicaciones correspondientes.","breadcrumb":{"@id":"https:\/\/educacen.es\/inicio\/logopedia\/#breadcrumb"},"inLanguage":"es","potentialAction":[{"@type":"ReadAction","target":["https:\/\/educacen.es\/inicio\/logopedia\/"]}]},{"@type":"ImageObject","inLanguage":"es","@id":"https:\/\/educacen.es\/inicio\/logopedia\/#primaryimage","url":"https:\/\/educacen.es\/wp-content\/uploads\/2024\/05\/sumas.jpg","contentUrl":"https:\/\/educacen.es\/wp-content\/uploads\/2024\/05\/sumas.jpg"},{"@type":"BreadcrumbList","@id":"https:\/\/educacen.es\/inicio\/logopedia\/#breadcrumb","itemListElement":[{"@type":"ListItem","position":1,"name":"Portada","item":"https:\/\/educacen.es\/inicio\/"},{"@type":"ListItem","position":2,"name":"Contenido restringido a usuarios. Puedes darte de alta si lo deseas"}]},{"@type":"WebSite","@id":"https:\/\/educacen.es\/inicio\/#website","url":"https:\/\/educacen.es\/inicio\/","name":"Educa-Cen","description":"Gabinete de Educaci\u00f3n Especial","publisher":{"@id":"https:\/\/educacen.es\/inicio\/#organization"},"potentialAction":[{"@type":"SearchAction","target":{"@type":"EntryPoint","urlTemplate":"https:\/\/educacen.es\/inicio\/?s={search_term_string}"},"query-input":{"@type":"PropertyValueSpecification","valueRequired":true,"valueName":"search_term_string"}}],"inLanguage":"es"},{"@type":"Organization","@id":"https:\/\/educacen.es\/inicio\/#organization","name":"Educa-Cen-Gabinete de psicolog\u00eda, logopedia y psicopedagog\u00eda.","url":"https:\/\/educacen.es\/inicio\/","logo":{"@type":"ImageObject","inLanguage":"es","@id":"https:\/\/educacen.es\/inicio\/#\/schema\/logo\/image\/","url":"https:\/\/educacen.es\/wp-content\/uploads\/2019\/06\/logo-educa-cen-scaled.jpg","contentUrl":"https:\/\/educacen.es\/wp-content\/uploads\/2019\/06\/logo-educa-cen-scaled.jpg","width":2560,"height":1316,"caption":"Educa-Cen-Gabinete de psicolog\u00eda, logopedia y psicopedagog\u00eda."},"image":{"@id":"https:\/\/educacen.es\/inicio\/#\/schema\/logo\/image\/"},"sameAs":["https:\/\/x.com\/educacen"]}]}},"_links":{"self":[{"href":"https:\/\/educacen.es\/inicio\/wp-json\/wp\/v2\/pages\/517","targetHints":{"allow":["GET"]}}],"collection":[{"href":"https:\/\/educacen.es\/inicio\/wp-json\/wp\/v2\/pages"}],"about":[{"href":"https:\/\/educacen.es\/inicio\/wp-json\/wp\/v2\/types\/page"}],"author":[{"embeddable":true,"href":"https:\/\/educacen.es\/inicio\/wp-json\/wp\/v2\/users\/1"}],"replies":[{"embeddable":true,"href":"https:\/\/educacen.es\/inicio\/wp-json\/wp\/v2\/comments?post=517"}],"version-history":[{"count":83,"href":"https:\/\/educacen.es\/inicio\/wp-json\/wp\/v2\/pages\/517\/revisions"}],"predecessor-version":[{"id":1150,"href":"https:\/\/educacen.es\/inicio\/wp-json\/wp\/v2\/pages\/517\/revisions\/1150"}],"wp:attachment":[{"href":"https:\/\/educacen.es\/inicio\/wp-json\/wp\/v2\/media?parent=517"}],"curies":[{"name":"wp","href":"https:\/\/api.w.org\/{rel}","templated":true}]}}