{"id":23,"date":"2019-04-08T11:36:46","date_gmt":"2019-04-08T11:36:46","guid":{"rendered":"http:\/\/educacen.es\/?page_id=23"},"modified":"2024-03-20T19:11:08","modified_gmt":"2024-03-20T19:11:08","slug":"contacto","status":"publish","type":"page","link":"https:\/\/educacen.es\/inicio\/contacto\/","title":{"rendered":"Contacto"},"content":{"rendered":"\n<p>Si quieres contactar con nosotros puedes hacerlo a trav\u00e9s de las siguientes v\u00edas:<\/p>\n\n\n\n<p>-Por mail en info@educa-cen.es<\/p>\n\n\n\n<p>-Por tel\u00e9fono en el 959 80 99 01\n-Tambi\u00e9n puedes visitarnos&nbsp;en una de nuestras sedes:\n<\/p>\n\n\n\n<p>-Calle Joaqu\u00edn de la Torre 4 bajo<\/p>\n\n\n\n<p>-En el WhatsApp 672011428<\/p>\n\n\n\n<p><\/p>\n","protected":false},"excerpt":{"rendered":"<p>Si quieres contactar con nosotros puedes hacerlo a trav\u00e9s de las siguientes v\u00edas: -Por mail en info@educa-cen.es -Por tel\u00e9fono en el 959 80 99 01 -Tambi\u00e9n puedes visitarnos&nbsp;en una de nuestras sedes: -Calle Joaqu\u00edn de la Torre 4 bajo -En el WhatsApp 672011428<\/p>\n","protected":false},"author":1,"featured_media":0,"parent":0,"menu_order":0,"comment_status":"closed","ping_status":"closed","template":"page-templates\/template-fullwidth.php","meta":{"footnotes":""},"class_list":["post-23","page","type-page","status-publish","hentry"],"yoast_head":"<!-- This site is optimized with the Yoast SEO plugin v27.0 - https:\/\/yoast.com\/product\/yoast-seo-wordpress\/ -->\n<title>Contacto - Educa-Cen<\/title>\n<meta name=\"description\" content=\"puedes contactar con nosotros de cualquiera de est\u00e1s formas. Por tel\u00e9fono, WhatsApp, correo electr\u00f3nico o vis\u00edtenos en nuestra sede.\" \/>\n<meta name=\"robots\" content=\"index, follow, max-snippet:-1, max-image-preview:large, max-video-preview:-1\" \/>\n<link rel=\"canonical\" href=\"https:\/\/educacen.es\/inicio\/contacto\/\" \/>\n<meta property=\"og:locale\" content=\"es_ES\" \/>\n<meta property=\"og:type\" content=\"article\" \/>\n<meta property=\"og:title\" content=\"Contacto - Educa-Cen\" \/>\n<meta property=\"og:description\" content=\"puedes contactar con nosotros de cualquiera de est\u00e1s formas. Por tel\u00e9fono, WhatsApp, correo electr\u00f3nico o vis\u00edtenos en nuestra sede.\" \/>\n<meta property=\"og:url\" content=\"https:\/\/educacen.es\/inicio\/contacto\/\" \/>\n<meta property=\"og:site_name\" content=\"Educa-Cen\" \/>\n<meta property=\"article:modified_time\" content=\"2024-03-20T19:11:08+00:00\" \/>\n<meta name=\"twitter:card\" content=\"summary_large_image\" \/>\n<meta name=\"twitter:site\" content=\"@educacen\" \/>\n<meta name=\"twitter:label1\" content=\"Tiempo de lectura\" \/>\n\t<meta name=\"twitter:data1\" content=\"1 minuto\" \/>\n<script type=\"application\/ld+json\" class=\"yoast-schema-graph\">{\"@context\":\"https:\/\/schema.org\",\"@graph\":[{\"@type\":\"WebPage\",\"@id\":\"https:\/\/educacen.es\/inicio\/contacto\/\",\"url\":\"https:\/\/educacen.es\/inicio\/contacto\/\",\"name\":\"Contacto - Educa-Cen\",\"isPartOf\":{\"@id\":\"https:\/\/educacen.es\/inicio\/#website\"},\"datePublished\":\"2019-04-08T11:36:46+00:00\",\"dateModified\":\"2024-03-20T19:11:08+00:00\",\"description\":\"puedes contactar con nosotros de cualquiera de est\u00e1s formas. Por tel\u00e9fono, WhatsApp, correo electr\u00f3nico o vis\u00edtenos en nuestra sede.\",\"breadcrumb\":{\"@id\":\"https:\/\/educacen.es\/inicio\/contacto\/#breadcrumb\"},\"inLanguage\":\"es\",\"potentialAction\":[{\"@type\":\"ReadAction\",\"target\":[\"https:\/\/educacen.es\/inicio\/contacto\/\"]}]},{\"@type\":\"BreadcrumbList\",\"@id\":\"https:\/\/educacen.es\/inicio\/contacto\/#breadcrumb\",\"itemListElement\":[{\"@type\":\"ListItem\",\"position\":1,\"name\":\"Portada\",\"item\":\"https:\/\/educacen.es\/inicio\/\"},{\"@type\":\"ListItem\",\"position\":2,\"name\":\"Contacto\"}]},{\"@type\":\"WebSite\",\"@id\":\"https:\/\/educacen.es\/inicio\/#website\",\"url\":\"https:\/\/educacen.es\/inicio\/\",\"name\":\"Educa-Cen\",\"description\":\"Gabinete de Educaci\u00f3n Especial\",\"publisher\":{\"@id\":\"https:\/\/educacen.es\/inicio\/#organization\"},\"potentialAction\":[{\"@type\":\"SearchAction\",\"target\":{\"@type\":\"EntryPoint\",\"urlTemplate\":\"https:\/\/educacen.es\/inicio\/?s={search_term_string}\"},\"query-input\":{\"@type\":\"PropertyValueSpecification\",\"valueRequired\":true,\"valueName\":\"search_term_string\"}}],\"inLanguage\":\"es\"},{\"@type\":\"Organization\",\"@id\":\"https:\/\/educacen.es\/inicio\/#organization\",\"name\":\"Educa-Cen-Gabinete de psicolog\u00eda, logopedia y psicopedagog\u00eda.\",\"url\":\"https:\/\/educacen.es\/inicio\/\",\"logo\":{\"@type\":\"ImageObject\",\"inLanguage\":\"es\",\"@id\":\"https:\/\/educacen.es\/inicio\/#\/schema\/logo\/image\/\",\"url\":\"https:\/\/educacen.es\/wp-content\/uploads\/2019\/06\/logo-educa-cen-scaled.jpg\",\"contentUrl\":\"https:\/\/educacen.es\/wp-content\/uploads\/2019\/06\/logo-educa-cen-scaled.jpg\",\"width\":2560,\"height\":1316,\"caption\":\"Educa-Cen-Gabinete de psicolog\u00eda, logopedia y psicopedagog\u00eda.\"},\"image\":{\"@id\":\"https:\/\/educacen.es\/inicio\/#\/schema\/logo\/image\/\"},\"sameAs\":[\"https:\/\/x.com\/educacen\"]}]}<\/script>\n<!-- \/ Yoast SEO plugin. -->","yoast_head_json":{"title":"Contacto - Educa-Cen","description":"puedes contactar con nosotros de cualquiera de est\u00e1s formas. Por tel\u00e9fono, WhatsApp, correo electr\u00f3nico o vis\u00edtenos en nuestra sede.","robots":{"index":"index","follow":"follow","max-snippet":"max-snippet:-1","max-image-preview":"max-image-preview:large","max-video-preview":"max-video-preview:-1"},"canonical":"https:\/\/educacen.es\/inicio\/contacto\/","og_locale":"es_ES","og_type":"article","og_title":"Contacto - Educa-Cen","og_description":"puedes contactar con nosotros de cualquiera de est\u00e1s formas. Por tel\u00e9fono, WhatsApp, correo electr\u00f3nico o vis\u00edtenos en nuestra sede.","og_url":"https:\/\/educacen.es\/inicio\/contacto\/","og_site_name":"Educa-Cen","article_modified_time":"2024-03-20T19:11:08+00:00","twitter_card":"summary_large_image","twitter_site":"@educacen","twitter_misc":{"Tiempo de lectura":"1 minuto"},"schema":{"@context":"https:\/\/schema.org","@graph":[{"@type":"WebPage","@id":"https:\/\/educacen.es\/inicio\/contacto\/","url":"https:\/\/educacen.es\/inicio\/contacto\/","name":"Contacto - Educa-Cen","isPartOf":{"@id":"https:\/\/educacen.es\/inicio\/#website"},"datePublished":"2019-04-08T11:36:46+00:00","dateModified":"2024-03-20T19:11:08+00:00","description":"puedes contactar con nosotros de cualquiera de est\u00e1s formas. Por tel\u00e9fono, WhatsApp, correo electr\u00f3nico o vis\u00edtenos en nuestra sede.","breadcrumb":{"@id":"https:\/\/educacen.es\/inicio\/contacto\/#breadcrumb"},"inLanguage":"es","potentialAction":[{"@type":"ReadAction","target":["https:\/\/educacen.es\/inicio\/contacto\/"]}]},{"@type":"BreadcrumbList","@id":"https:\/\/educacen.es\/inicio\/contacto\/#breadcrumb","itemListElement":[{"@type":"ListItem","position":1,"name":"Portada","item":"https:\/\/educacen.es\/inicio\/"},{"@type":"ListItem","position":2,"name":"Contacto"}]},{"@type":"WebSite","@id":"https:\/\/educacen.es\/inicio\/#website","url":"https:\/\/educacen.es\/inicio\/","name":"Educa-Cen","description":"Gabinete de Educaci\u00f3n Especial","publisher":{"@id":"https:\/\/educacen.es\/inicio\/#organization"},"potentialAction":[{"@type":"SearchAction","target":{"@type":"EntryPoint","urlTemplate":"https:\/\/educacen.es\/inicio\/?s={search_term_string}"},"query-input":{"@type":"PropertyValueSpecification","valueRequired":true,"valueName":"search_term_string"}}],"inLanguage":"es"},{"@type":"Organization","@id":"https:\/\/educacen.es\/inicio\/#organization","name":"Educa-Cen-Gabinete de psicolog\u00eda, logopedia y psicopedagog\u00eda.","url":"https:\/\/educacen.es\/inicio\/","logo":{"@type":"ImageObject","inLanguage":"es","@id":"https:\/\/educacen.es\/inicio\/#\/schema\/logo\/image\/","url":"https:\/\/educacen.es\/wp-content\/uploads\/2019\/06\/logo-educa-cen-scaled.jpg","contentUrl":"https:\/\/educacen.es\/wp-content\/uploads\/2019\/06\/logo-educa-cen-scaled.jpg","width":2560,"height":1316,"caption":"Educa-Cen-Gabinete de psicolog\u00eda, logopedia y psicopedagog\u00eda."},"image":{"@id":"https:\/\/educacen.es\/inicio\/#\/schema\/logo\/image\/"},"sameAs":["https:\/\/x.com\/educacen"]}]}},"_links":{"self":[{"href":"https:\/\/educacen.es\/inicio\/wp-json\/wp\/v2\/pages\/23","targetHints":{"allow":["GET"]}}],"collection":[{"href":"https:\/\/educacen.es\/inicio\/wp-json\/wp\/v2\/pages"}],"about":[{"href":"https:\/\/educacen.es\/inicio\/wp-json\/wp\/v2\/types\/page"}],"author":[{"embeddable":true,"href":"https:\/\/educacen.es\/inicio\/wp-json\/wp\/v2\/users\/1"}],"replies":[{"embeddable":true,"href":"https:\/\/educacen.es\/inicio\/wp-json\/wp\/v2\/comments?post=23"}],"version-history":[{"count":5,"href":"https:\/\/educacen.es\/inicio\/wp-json\/wp\/v2\/pages\/23\/revisions"}],"predecessor-version":[{"id":1013,"href":"https:\/\/educacen.es\/inicio\/wp-json\/wp\/v2\/pages\/23\/revisions\/1013"}],"wp:attachment":[{"href":"https:\/\/educacen.es\/inicio\/wp-json\/wp\/v2\/media?parent=23"}],"curies":[{"name":"wp","href":"https:\/\/api.w.org\/{rel}","templated":true}]}}