{"id":20,"date":"2019-04-08T11:35:34","date_gmt":"2019-04-08T11:35:34","guid":{"rendered":"http:\/\/educacen.es\/?page_id=20"},"modified":"2024-03-20T18:48:36","modified_gmt":"2024-03-20T18:48:36","slug":"servicios-ofrecidos-por-nuestra-empresa","status":"publish","type":"page","link":"https:\/\/educacen.es\/inicio\/servicios-ofrecidos-por-nuestra-empresa\/","title":{"rendered":"Servicios"},"content":{"rendered":"\n<p>En este apartado puedes conocernos un poco m\u00e1s. En que consisten los servicios que llevamos a cabo y c\u00f3mo podemos conseguir mejorar a trav\u00e9s de peque\u00f1os cambios cotidianos.<\/p>\n\n\n\n<h3 class=\"wp-block-heading\">Los servicios ofrecidos por nuestra empresa pueden resumirse en evaluaci\u00f3n y intervenci\u00f3n. Si necesitas saber un poco m\u00e1s en que consisten s\u00f3lo tienes que seguir leyendo.<\/h3>\n\n\n\n<h4 class=\"wp-block-heading\">Evaluaci\u00f3n diagn\u00f3stica con pruebas estandarizadas<\/h4>\n\n\n\n<p>Se realiza una valoraci\u00f3n&nbsp; al paciente mediante pruebas estandarizadas para facilitar la elaboraci\u00f3n de una programa individualizado de intervenci\u00f3n.<\/p>\n\n\n\n<p>Contamos con las pruebas m\u00e1s fiables y actualizadas del sector como AULA NESPLORA, un potente programa de realidad virtual utilizado para detectar la falta de atenci\u00f3n e hiperactividad.<\/p>\n\n\n\n<p>Disponemos igualmente de los profesionales oportunos con una amplia experiencia para la realizaci\u00f3n de estos procesos. Nos avalan m\u00e1s de 15 a\u00f1os de experiencia en el sector de la educaci\u00f3n especial, psicopedagog\u00eda, psicolog\u00eda y logopedia.<\/p>\n\n\n\n<h4 class=\"wp-block-heading\">Intervenci\u00f3n terap\u00e9utica<\/h4>\n\n\n\n<p>En nuestro d\u00eda a d\u00eda realizamos el trabajo necesario con nuestros usuarios. Este trabajo est\u00e1 enfocado a potenciar las \u00e1reas pactadas y as\u00ed mejorar la calidad de vida. Para ello contamos con los mejores profesionales en nuestros diferentes <a href=\"http:\/\/www.educa-cen.es\/departamentos\/\">departamentos<\/a> y m\u00e1s de trescientos pacientes nos avalan desde nuestra apertura hace ya quince a\u00f1os.<\/p>\n\n\n\n<figure class=\"wp-block-image size-large\"><img loading=\"lazy\" decoding=\"async\" width=\"1024\" height=\"768\" src=\"https:\/\/educacen.es\/wp-content\/uploads\/2023\/09\/20180318_045132A-1024x768.jpg\" alt=\"\" class=\"wp-image-482\" srcset=\"https:\/\/educacen.es\/wp-content\/uploads\/2023\/09\/20180318_045132A-1024x768.jpg 1024w, https:\/\/educacen.es\/wp-content\/uploads\/2023\/09\/20180318_045132A-scaled-600x450.jpg 600w, https:\/\/educacen.es\/wp-content\/uploads\/2023\/09\/20180318_045132A-300x225.jpg 300w, https:\/\/educacen.es\/wp-content\/uploads\/2023\/09\/20180318_045132A-768x576.jpg 768w, https:\/\/educacen.es\/wp-content\/uploads\/2023\/09\/20180318_045132A-1536x1152.jpg 1536w, https:\/\/educacen.es\/wp-content\/uploads\/2023\/09\/20180318_045132A-2048x1536.jpg 2048w\" sizes=\"auto, (max-width: 1024px) 100vw, 1024px\" \/><figcaption class=\"wp-element-caption\">imagen aula psicomotricidad<\/figcaption><\/figure>\n\n\n\n<p>Esta terapia tambi\u00e9n podr\u00e1 ser realizada por los medios<a href=\"https:\/\/educacen.es\/booking-2\"> telem\u00e1ticos existentes en la actualidad<\/a>. Aprovechando los avances que Internet nos ofrece podemos realizar sesiones con las mismas garant\u00edas.<\/p>\n\n\n\n<h4 class=\"wp-block-heading\">Asesoramiento a centros educativos<\/h4>\n\n\n\n<p>Igualmente, en los servicios ofrecidos por nuestra empresa,realizamos acciones de asesoramiento a centros educativos&nbsp;de manera totalmente gratuita &nbsp;para una detecci\u00f3n precoz o realizaci\u00f3n de orientaciones para una mejora en el trabajo diario en alumnos con necesidades educativas especiales. Si quieres que visitemos tu centro o bien deseas realizar alg\u00fan tipo de consulta no dudes en hacerlo a trav\u00e9s de nuestro <a href=\"http:\/\/www.educa-cen.es\/asesoramiento-a-centros-educativos\/\">cuestionario de contacto.<\/a><\/p>\n\n\n\n<p>Esto nos ayuda a mantener un contacto continuo con todos los responsables del desarrollo de nuestros usuarios. Padres y profesionales de cualquier \u00edndole pueden mejorar las capacidades de todos nosotros, simplemente cambiando peque\u00f1as cosas que nos hacen mejorar en gran medida.<\/p>\n\n\n\n<h2 class=\"wp-block-heading\">Materiales educativos interactivos<\/h2>\n\n\n\n<p>(Versi\u00f3n BETA actualmente) Hemos gestionado muchos materiales de trabajo a lo largo de nuestra carrera profesional.  Una vez comprobada su validez y su resultado, hemos llevado a cabo un gran esfuerzo por poder llevarlo a todas las partes del mundo. Es imposible no atender hoy en d\u00eda a la gran influencia que tiene internet sobre todos nosotros. <\/p>\n\n\n\n<p>Por ello, hemos creado la secci\u00f3n de <a href=\"https:\/\/educacen.es\/materiales-interactivos\/\">materiales interactivos<\/a>, donde cada persona desde su casa, podr\u00e1 trabajar a todos los niveles posibles con sus hijos, y todos los profesionales del sector adaptarlos en su trabajo diario. <\/p>\n\n\n\n<p>Para poder utilizarlos es necesario darse de alta en nuestra web como usuario. Se recibir\u00e1 un mail para confirmar el alta de la cuenta y ya se contar\u00e1 con el acceso a dicha secci\u00f3n.<\/p>\n\n\n\n<p><a href=\"http:\/\/www.elfarodetuciudad.com\/huelva\/2019\/05\/23\/conocemos-un-poco-mas-educa-cen\/\">Puedes conocernos un poco m\u00e1s  aqu\u00ed<\/a>, en la entrevista realizada por el Faro.<\/p>\n","protected":false},"excerpt":{"rendered":"<p>En este apartado puedes conocernos un poco m\u00e1s. En que consisten los servicios que llevamos a cabo y c\u00f3mo podemos conseguir mejorar a trav\u00e9s de peque\u00f1os cambios cotidianos. Los servicios ofrecidos por nuestra empresa pueden resumirse en evaluaci\u00f3n y intervenci\u00f3n. Si necesitas saber un poco m\u00e1s en que consisten s\u00f3lo [&hellip;]<\/p>\n","protected":false},"author":1,"featured_media":0,"parent":0,"menu_order":0,"comment_status":"closed","ping_status":"closed","template":"page-templates\/template-fullwidth.php","meta":{"footnotes":""},"class_list":["post-20","page","type-page","status-publish","hentry"],"yoast_head":"<!-- This site is optimized with the Yoast SEO plugin v27.0 - https:\/\/yoast.com\/product\/yoast-seo-wordpress\/ -->\n<title>Servicios - Educa-Cen<\/title>\n<meta name=\"description\" content=\"Los servicios ofrecidos por nuestra empresa conllevan la evaluaci\u00f3n y la intervenci\u00f3n con nuestros usuarios, as\u00ed como asesoramientos a centros educativos.\" \/>\n<meta name=\"robots\" content=\"index, follow, max-snippet:-1, max-image-preview:large, max-video-preview:-1\" \/>\n<link rel=\"canonical\" href=\"https:\/\/educacen.es\/inicio\/servicios-ofrecidos-por-nuestra-empresa\/\" \/>\n<meta property=\"og:locale\" content=\"es_ES\" \/>\n<meta property=\"og:type\" content=\"article\" \/>\n<meta property=\"og:title\" content=\"Servicios - Educa-Cen\" \/>\n<meta property=\"og:description\" content=\"Los servicios ofrecidos por nuestra empresa conllevan la evaluaci\u00f3n y la intervenci\u00f3n con nuestros usuarios, as\u00ed como asesoramientos a centros educativos.\" \/>\n<meta property=\"og:url\" content=\"https:\/\/educacen.es\/inicio\/servicios-ofrecidos-por-nuestra-empresa\/\" \/>\n<meta property=\"og:site_name\" content=\"Educa-Cen\" \/>\n<meta property=\"article:modified_time\" content=\"2024-03-20T18:48:36+00:00\" \/>\n<meta property=\"og:image\" content=\"https:\/\/educacen.es\/wp-content\/uploads\/2023\/09\/20180318_045132A-1024x768.jpg\" \/>\n<meta name=\"twitter:card\" content=\"summary_large_image\" \/>\n<meta name=\"twitter:site\" content=\"@educacen\" \/>\n<meta name=\"twitter:label1\" content=\"Tiempo de lectura\" \/>\n\t<meta name=\"twitter:data1\" content=\"3 minutos\" \/>\n<script type=\"application\/ld+json\" class=\"yoast-schema-graph\">{\"@context\":\"https:\/\/schema.org\",\"@graph\":[{\"@type\":\"WebPage\",\"@id\":\"https:\/\/educacen.es\/inicio\/servicios-ofrecidos-por-nuestra-empresa\/\",\"url\":\"https:\/\/educacen.es\/inicio\/servicios-ofrecidos-por-nuestra-empresa\/\",\"name\":\"Servicios - Educa-Cen\",\"isPartOf\":{\"@id\":\"https:\/\/educacen.es\/inicio\/#website\"},\"primaryImageOfPage\":{\"@id\":\"https:\/\/educacen.es\/inicio\/servicios-ofrecidos-por-nuestra-empresa\/#primaryimage\"},\"image\":{\"@id\":\"https:\/\/educacen.es\/inicio\/servicios-ofrecidos-por-nuestra-empresa\/#primaryimage\"},\"thumbnailUrl\":\"https:\/\/educacen.es\/wp-content\/uploads\/2023\/09\/20180318_045132A-1024x768.jpg\",\"datePublished\":\"2019-04-08T11:35:34+00:00\",\"dateModified\":\"2024-03-20T18:48:36+00:00\",\"description\":\"Los servicios ofrecidos por nuestra empresa conllevan la evaluaci\u00f3n y la intervenci\u00f3n con nuestros usuarios, as\u00ed como asesoramientos a centros educativos.\",\"breadcrumb\":{\"@id\":\"https:\/\/educacen.es\/inicio\/servicios-ofrecidos-por-nuestra-empresa\/#breadcrumb\"},\"inLanguage\":\"es\",\"potentialAction\":[{\"@type\":\"ReadAction\",\"target\":[\"https:\/\/educacen.es\/inicio\/servicios-ofrecidos-por-nuestra-empresa\/\"]}]},{\"@type\":\"ImageObject\",\"inLanguage\":\"es\",\"@id\":\"https:\/\/educacen.es\/inicio\/servicios-ofrecidos-por-nuestra-empresa\/#primaryimage\",\"url\":\"https:\/\/educacen.es\/wp-content\/uploads\/2023\/09\/20180318_045132A-1024x768.jpg\",\"contentUrl\":\"https:\/\/educacen.es\/wp-content\/uploads\/2023\/09\/20180318_045132A-1024x768.jpg\"},{\"@type\":\"BreadcrumbList\",\"@id\":\"https:\/\/educacen.es\/inicio\/servicios-ofrecidos-por-nuestra-empresa\/#breadcrumb\",\"itemListElement\":[{\"@type\":\"ListItem\",\"position\":1,\"name\":\"Portada\",\"item\":\"https:\/\/educacen.es\/inicio\/\"},{\"@type\":\"ListItem\",\"position\":2,\"name\":\"Servicios\"}]},{\"@type\":\"WebSite\",\"@id\":\"https:\/\/educacen.es\/inicio\/#website\",\"url\":\"https:\/\/educacen.es\/inicio\/\",\"name\":\"Educa-Cen\",\"description\":\"Gabinete de Educaci\u00f3n Especial\",\"publisher\":{\"@id\":\"https:\/\/educacen.es\/inicio\/#organization\"},\"potentialAction\":[{\"@type\":\"SearchAction\",\"target\":{\"@type\":\"EntryPoint\",\"urlTemplate\":\"https:\/\/educacen.es\/inicio\/?s={search_term_string}\"},\"query-input\":{\"@type\":\"PropertyValueSpecification\",\"valueRequired\":true,\"valueName\":\"search_term_string\"}}],\"inLanguage\":\"es\"},{\"@type\":\"Organization\",\"@id\":\"https:\/\/educacen.es\/inicio\/#organization\",\"name\":\"Educa-Cen-Gabinete de psicolog\u00eda, logopedia y psicopedagog\u00eda.\",\"url\":\"https:\/\/educacen.es\/inicio\/\",\"logo\":{\"@type\":\"ImageObject\",\"inLanguage\":\"es\",\"@id\":\"https:\/\/educacen.es\/inicio\/#\/schema\/logo\/image\/\",\"url\":\"https:\/\/educacen.es\/wp-content\/uploads\/2019\/06\/logo-educa-cen-scaled.jpg\",\"contentUrl\":\"https:\/\/educacen.es\/wp-content\/uploads\/2019\/06\/logo-educa-cen-scaled.jpg\",\"width\":2560,\"height\":1316,\"caption\":\"Educa-Cen-Gabinete de psicolog\u00eda, logopedia y psicopedagog\u00eda.\"},\"image\":{\"@id\":\"https:\/\/educacen.es\/inicio\/#\/schema\/logo\/image\/\"},\"sameAs\":[\"https:\/\/x.com\/educacen\"]}]}<\/script>\n<!-- \/ Yoast SEO plugin. -->","yoast_head_json":{"title":"Servicios - Educa-Cen","description":"Los servicios ofrecidos por nuestra empresa conllevan la evaluaci\u00f3n y la intervenci\u00f3n con nuestros usuarios, as\u00ed como asesoramientos a centros educativos.","robots":{"index":"index","follow":"follow","max-snippet":"max-snippet:-1","max-image-preview":"max-image-preview:large","max-video-preview":"max-video-preview:-1"},"canonical":"https:\/\/educacen.es\/inicio\/servicios-ofrecidos-por-nuestra-empresa\/","og_locale":"es_ES","og_type":"article","og_title":"Servicios - Educa-Cen","og_description":"Los servicios ofrecidos por nuestra empresa conllevan la evaluaci\u00f3n y la intervenci\u00f3n con nuestros usuarios, as\u00ed como asesoramientos a centros educativos.","og_url":"https:\/\/educacen.es\/inicio\/servicios-ofrecidos-por-nuestra-empresa\/","og_site_name":"Educa-Cen","article_modified_time":"2024-03-20T18:48:36+00:00","og_image":[{"url":"https:\/\/educacen.es\/wp-content\/uploads\/2023\/09\/20180318_045132A-1024x768.jpg","type":"","width":"","height":""}],"twitter_card":"summary_large_image","twitter_site":"@educacen","twitter_misc":{"Tiempo de lectura":"3 minutos"},"schema":{"@context":"https:\/\/schema.org","@graph":[{"@type":"WebPage","@id":"https:\/\/educacen.es\/inicio\/servicios-ofrecidos-por-nuestra-empresa\/","url":"https:\/\/educacen.es\/inicio\/servicios-ofrecidos-por-nuestra-empresa\/","name":"Servicios - Educa-Cen","isPartOf":{"@id":"https:\/\/educacen.es\/inicio\/#website"},"primaryImageOfPage":{"@id":"https:\/\/educacen.es\/inicio\/servicios-ofrecidos-por-nuestra-empresa\/#primaryimage"},"image":{"@id":"https:\/\/educacen.es\/inicio\/servicios-ofrecidos-por-nuestra-empresa\/#primaryimage"},"thumbnailUrl":"https:\/\/educacen.es\/wp-content\/uploads\/2023\/09\/20180318_045132A-1024x768.jpg","datePublished":"2019-04-08T11:35:34+00:00","dateModified":"2024-03-20T18:48:36+00:00","description":"Los servicios ofrecidos por nuestra empresa conllevan la evaluaci\u00f3n y la intervenci\u00f3n con nuestros usuarios, as\u00ed como asesoramientos a centros educativos.","breadcrumb":{"@id":"https:\/\/educacen.es\/inicio\/servicios-ofrecidos-por-nuestra-empresa\/#breadcrumb"},"inLanguage":"es","potentialAction":[{"@type":"ReadAction","target":["https:\/\/educacen.es\/inicio\/servicios-ofrecidos-por-nuestra-empresa\/"]}]},{"@type":"ImageObject","inLanguage":"es","@id":"https:\/\/educacen.es\/inicio\/servicios-ofrecidos-por-nuestra-empresa\/#primaryimage","url":"https:\/\/educacen.es\/wp-content\/uploads\/2023\/09\/20180318_045132A-1024x768.jpg","contentUrl":"https:\/\/educacen.es\/wp-content\/uploads\/2023\/09\/20180318_045132A-1024x768.jpg"},{"@type":"BreadcrumbList","@id":"https:\/\/educacen.es\/inicio\/servicios-ofrecidos-por-nuestra-empresa\/#breadcrumb","itemListElement":[{"@type":"ListItem","position":1,"name":"Portada","item":"https:\/\/educacen.es\/inicio\/"},{"@type":"ListItem","position":2,"name":"Servicios"}]},{"@type":"WebSite","@id":"https:\/\/educacen.es\/inicio\/#website","url":"https:\/\/educacen.es\/inicio\/","name":"Educa-Cen","description":"Gabinete de Educaci\u00f3n Especial","publisher":{"@id":"https:\/\/educacen.es\/inicio\/#organization"},"potentialAction":[{"@type":"SearchAction","target":{"@type":"EntryPoint","urlTemplate":"https:\/\/educacen.es\/inicio\/?s={search_term_string}"},"query-input":{"@type":"PropertyValueSpecification","valueRequired":true,"valueName":"search_term_string"}}],"inLanguage":"es"},{"@type":"Organization","@id":"https:\/\/educacen.es\/inicio\/#organization","name":"Educa-Cen-Gabinete de psicolog\u00eda, logopedia y psicopedagog\u00eda.","url":"https:\/\/educacen.es\/inicio\/","logo":{"@type":"ImageObject","inLanguage":"es","@id":"https:\/\/educacen.es\/inicio\/#\/schema\/logo\/image\/","url":"https:\/\/educacen.es\/wp-content\/uploads\/2019\/06\/logo-educa-cen-scaled.jpg","contentUrl":"https:\/\/educacen.es\/wp-content\/uploads\/2019\/06\/logo-educa-cen-scaled.jpg","width":2560,"height":1316,"caption":"Educa-Cen-Gabinete de psicolog\u00eda, logopedia y psicopedagog\u00eda."},"image":{"@id":"https:\/\/educacen.es\/inicio\/#\/schema\/logo\/image\/"},"sameAs":["https:\/\/x.com\/educacen"]}]}},"_links":{"self":[{"href":"https:\/\/educacen.es\/inicio\/wp-json\/wp\/v2\/pages\/20","targetHints":{"allow":["GET"]}}],"collection":[{"href":"https:\/\/educacen.es\/inicio\/wp-json\/wp\/v2\/pages"}],"about":[{"href":"https:\/\/educacen.es\/inicio\/wp-json\/wp\/v2\/types\/page"}],"author":[{"embeddable":true,"href":"https:\/\/educacen.es\/inicio\/wp-json\/wp\/v2\/users\/1"}],"replies":[{"embeddable":true,"href":"https:\/\/educacen.es\/inicio\/wp-json\/wp\/v2\/comments?post=20"}],"version-history":[{"count":19,"href":"https:\/\/educacen.es\/inicio\/wp-json\/wp\/v2\/pages\/20\/revisions"}],"predecessor-version":[{"id":856,"href":"https:\/\/educacen.es\/inicio\/wp-json\/wp\/v2\/pages\/20\/revisions\/856"}],"wp:attachment":[{"href":"https:\/\/educacen.es\/inicio\/wp-json\/wp\/v2\/media?parent=20"}],"curies":[{"name":"wp","href":"https:\/\/api.w.org\/{rel}","templated":true}]}}