{"id":2,"date":"2019-04-08T10:33:25","date_gmt":"2019-04-08T10:33:25","guid":{"rendered":"http:\/\/educacen.es\/?page_id=2"},"modified":"2019-05-29T10:54:22","modified_gmt":"2019-05-29T10:54:22","slug":"sample-page","status":"publish","type":"page","link":"https:\/\/educacen.es\/inicio\/","title":{"rendered":"Inicio"},"content":{"rendered":"\n<h4 class=\"wp-block-heading\">Bienvenidos a Educa-Cen<\/h4>\n\n\n\n<p><\/p>\n\n\n\n<!-- Global site tag (gtag.js) - Google Analytics -->\n<script async src=\"https:\/\/www.googletagmanager.com\/gtag\/js?id=UA-36448714-2\"><\/script>\n<script>\n  window.dataLayer = window.dataLayer || [];\n  function gtag(){dataLayer.push(arguments);}\n  gtag('js', new Date());\n\n  gtag('config', 'UA-36448714-2');\n<\/script>\n\n<p>Educa-cen nace\u00a0hace ya diez a\u00f1os como centro de evaluaci\u00f3n diagnostica e intervenci\u00f3n terap\u00e9utica. Esta formado por un equipo de profesionales que pretende dar respuesta a la necesidad de detecci\u00f3n, diagn\u00f3stico y tratamiento de todos aquellos trastornos que afecten a ni\u00f1os, adolescentes y adultos.<\/p>\n\n\n\n<p>Para ello contamos con un equipo multidisciplinar de profesionales especializados en diferentes \u00e1reas (psicolog\u00eda, logopedia, atenci\u00f3n temprana, audici\u00f3n y lenguaje), encargados de llevar a cabo los diferentes programas que se desarrollan en nuestros centros. Contamos con los mejores medios materiales disponibles y m\u00e1s actuales pruebas diagnosticas para obtener una mejora en la calidad de vida de toda la familia.<\/p>\n\n\n\n<p>Estos profesionales tienen amplia experiencia en los campos de psicolog\u00eda, psicopedagog\u00eda, logopedia, audici\u00f3n y lenguaje, con los que alcanzamos los objetivos marcados de mejora en estos campos. Mantenemos un primer contacto sin ning\u00fan compromiso, donde se explica tanto el problema a afrontar como las soluciones y las metodolog\u00edas a trabajar para que el avance sea progresivo y se afiance a lo largo del tiempo.<\/p>\n\n\n\n<p>Estudiamos cada caso de forma individual, adapt\u00e1ndonos a las necesidades particulares de cada persona. Tras una evaluaci\u00f3n inicial nuestros usuarios podr\u00e1n acudir a sesiones individuales o grupales, en las que se trabajar\u00e1 directamente sobre las \u00e1reas afectadas.<\/p>\n\n\n\n<p>Actualmente hemos a\u00f1adido a nuestras sesiones medios tecnol\u00f3gicos de \u00faltima generaci\u00f3n con los que conseguimos los objetivos marcados con una mayor eficacia. Hablamos de sesiones en las que trabajamos con la realidad virtual, utilizando gafas que permiten entablar contacto con un mundo virtual en 3D. Esta realidad virtual consigue que, de manera ficticia, se simulen situaciones totalmente reales y por tanto trabajar, superarse y aprender. Adem\u00e1s al contar con estos medios el nivel de motivaci\u00f3n en las sesiones es mucho mayor.Todo ello para seguir creciendo y avanzando en todo los que nos proponemos.<\/p>\n\n\n\n<p>Si deseas m\u00e1s informaci\u00f3n no dudes en contactar con nosotros en el tel\u00e9fono 959809901.<\/p>\n","protected":false},"excerpt":{"rendered":"<p>Bienvenidos a Educa-Cen Educa-cen nace\u00a0hace ya diez a\u00f1os como centro de evaluaci\u00f3n diagnostica e intervenci\u00f3n terap\u00e9utica. Esta formado por un equipo de profesionales que pretende dar respuesta a la necesidad de detecci\u00f3n, diagn\u00f3stico y tratamiento de todos aquellos trastornos que afecten a ni\u00f1os, adolescentes y adultos. Para ello contamos con [&hellip;]<\/p>\n","protected":false},"author":1,"featured_media":1163,"parent":0,"menu_order":0,"comment_status":"closed","ping_status":"open","template":"","meta":{"footnotes":""},"class_list":["post-2","page","type-page","status-publish","has-post-thumbnail","hentry"],"yoast_head":"<!-- This site is optimized with the Yoast SEO plugin v27.0 - https:\/\/yoast.com\/product\/yoast-seo-wordpress\/ -->\n<title>Inicio - Educa-Cen<\/title>\n<meta name=\"robots\" content=\"index, follow, max-snippet:-1, max-image-preview:large, max-video-preview:-1\" \/>\n<link rel=\"canonical\" href=\"https:\/\/educacen.es\/inicio\/\" \/>\n<meta property=\"og:locale\" content=\"es_ES\" \/>\n<meta property=\"og:type\" content=\"article\" \/>\n<meta property=\"og:title\" content=\"Inicio - Educa-Cen\" \/>\n<meta property=\"og:description\" content=\"Bienvenidos a Educa-Cen Educa-cen nace\u00a0hace ya diez a\u00f1os como centro de evaluaci\u00f3n diagnostica e intervenci\u00f3n terap\u00e9utica. Esta formado por un equipo de profesionales que pretende dar respuesta a la necesidad de detecci\u00f3n, diagn\u00f3stico y tratamiento de todos aquellos trastornos que afecten a ni\u00f1os, adolescentes y adultos. Para ello contamos con [&hellip;]\" \/>\n<meta property=\"og:url\" content=\"https:\/\/educacen.es\/inicio\/\" \/>\n<meta property=\"og:site_name\" content=\"Educa-Cen\" \/>\n<meta property=\"article:modified_time\" content=\"2019-05-29T10:54:22+00:00\" \/>\n<meta property=\"og:image\" content=\"https:\/\/educacen.es\/wp-content\/uploads\/2025\/05\/3dimagenlectura.jpg\" \/>\n\t<meta property=\"og:image:width\" content=\"561\" \/>\n\t<meta property=\"og:image:height\" content=\"294\" \/>\n\t<meta property=\"og:image:type\" content=\"image\/jpeg\" \/>\n<meta name=\"twitter:card\" content=\"summary_large_image\" \/>\n<meta name=\"twitter:site\" content=\"@educacen\" \/>\n<meta name=\"twitter:label1\" content=\"Tiempo de lectura\" \/>\n\t<meta name=\"twitter:data1\" content=\"2 minutos\" \/>\n<script type=\"application\/ld+json\" class=\"yoast-schema-graph\">{\"@context\":\"https:\/\/schema.org\",\"@graph\":[{\"@type\":\"WebPage\",\"@id\":\"https:\/\/educacen.es\/inicio\/\",\"url\":\"https:\/\/educacen.es\/inicio\/\",\"name\":\"Inicio - Educa-Cen\",\"isPartOf\":{\"@id\":\"https:\/\/educacen.es\/inicio\/#website\"},\"primaryImageOfPage\":{\"@id\":\"https:\/\/educacen.es\/inicio\/#primaryimage\"},\"image\":{\"@id\":\"https:\/\/educacen.es\/inicio\/#primaryimage\"},\"thumbnailUrl\":\"https:\/\/educacen.es\/wp-content\/uploads\/2025\/05\/3dimagenlectura.jpg\",\"datePublished\":\"2019-04-08T10:33:25+00:00\",\"dateModified\":\"2019-05-29T10:54:22+00:00\",\"breadcrumb\":{\"@id\":\"https:\/\/educacen.es\/inicio\/#breadcrumb\"},\"inLanguage\":\"es\",\"potentialAction\":[{\"@type\":\"ReadAction\",\"target\":[\"https:\/\/educacen.es\/inicio\/\"]}]},{\"@type\":\"ImageObject\",\"inLanguage\":\"es\",\"@id\":\"https:\/\/educacen.es\/inicio\/#primaryimage\",\"url\":\"https:\/\/educacen.es\/wp-content\/uploads\/2025\/05\/3dimagenlectura.jpg\",\"contentUrl\":\"https:\/\/educacen.es\/wp-content\/uploads\/2025\/05\/3dimagenlectura.jpg\",\"width\":561,\"height\":294},{\"@type\":\"BreadcrumbList\",\"@id\":\"https:\/\/educacen.es\/inicio\/#breadcrumb\",\"itemListElement\":[{\"@type\":\"ListItem\",\"position\":1,\"name\":\"Portada\",\"item\":\"https:\/\/educacen.es\/inicio\/\"},{\"@type\":\"ListItem\",\"position\":2,\"name\":\"Inicio\"}]},{\"@type\":\"WebSite\",\"@id\":\"https:\/\/educacen.es\/inicio\/#website\",\"url\":\"https:\/\/educacen.es\/inicio\/\",\"name\":\"Educa-Cen\",\"description\":\"Gabinete de Educaci\u00f3n Especial\",\"publisher\":{\"@id\":\"https:\/\/educacen.es\/inicio\/#organization\"},\"potentialAction\":[{\"@type\":\"SearchAction\",\"target\":{\"@type\":\"EntryPoint\",\"urlTemplate\":\"https:\/\/educacen.es\/inicio\/?s={search_term_string}\"},\"query-input\":{\"@type\":\"PropertyValueSpecification\",\"valueRequired\":true,\"valueName\":\"search_term_string\"}}],\"inLanguage\":\"es\"},{\"@type\":\"Organization\",\"@id\":\"https:\/\/educacen.es\/inicio\/#organization\",\"name\":\"Educa-Cen-Gabinete de psicolog\u00eda, logopedia y psicopedagog\u00eda.\",\"url\":\"https:\/\/educacen.es\/inicio\/\",\"logo\":{\"@type\":\"ImageObject\",\"inLanguage\":\"es\",\"@id\":\"https:\/\/educacen.es\/inicio\/#\/schema\/logo\/image\/\",\"url\":\"https:\/\/educacen.es\/wp-content\/uploads\/2019\/06\/logo-educa-cen-scaled.jpg\",\"contentUrl\":\"https:\/\/educacen.es\/wp-content\/uploads\/2019\/06\/logo-educa-cen-scaled.jpg\",\"width\":2560,\"height\":1316,\"caption\":\"Educa-Cen-Gabinete de psicolog\u00eda, logopedia y psicopedagog\u00eda.\"},\"image\":{\"@id\":\"https:\/\/educacen.es\/inicio\/#\/schema\/logo\/image\/\"},\"sameAs\":[\"https:\/\/x.com\/educacen\"]}]}<\/script>\n<!-- \/ Yoast SEO plugin. -->","yoast_head_json":{"title":"Inicio - Educa-Cen","robots":{"index":"index","follow":"follow","max-snippet":"max-snippet:-1","max-image-preview":"max-image-preview:large","max-video-preview":"max-video-preview:-1"},"canonical":"https:\/\/educacen.es\/inicio\/","og_locale":"es_ES","og_type":"article","og_title":"Inicio - Educa-Cen","og_description":"Bienvenidos a Educa-Cen Educa-cen nace\u00a0hace ya diez a\u00f1os como centro de evaluaci\u00f3n diagnostica e intervenci\u00f3n terap\u00e9utica. Esta formado por un equipo de profesionales que pretende dar respuesta a la necesidad de detecci\u00f3n, diagn\u00f3stico y tratamiento de todos aquellos trastornos que afecten a ni\u00f1os, adolescentes y adultos. Para ello contamos con [&hellip;]","og_url":"https:\/\/educacen.es\/inicio\/","og_site_name":"Educa-Cen","article_modified_time":"2019-05-29T10:54:22+00:00","og_image":[{"width":561,"height":294,"url":"https:\/\/educacen.es\/wp-content\/uploads\/2025\/05\/3dimagenlectura.jpg","type":"image\/jpeg"}],"twitter_card":"summary_large_image","twitter_site":"@educacen","twitter_misc":{"Tiempo de lectura":"2 minutos"},"schema":{"@context":"https:\/\/schema.org","@graph":[{"@type":"WebPage","@id":"https:\/\/educacen.es\/inicio\/","url":"https:\/\/educacen.es\/inicio\/","name":"Inicio - Educa-Cen","isPartOf":{"@id":"https:\/\/educacen.es\/inicio\/#website"},"primaryImageOfPage":{"@id":"https:\/\/educacen.es\/inicio\/#primaryimage"},"image":{"@id":"https:\/\/educacen.es\/inicio\/#primaryimage"},"thumbnailUrl":"https:\/\/educacen.es\/wp-content\/uploads\/2025\/05\/3dimagenlectura.jpg","datePublished":"2019-04-08T10:33:25+00:00","dateModified":"2019-05-29T10:54:22+00:00","breadcrumb":{"@id":"https:\/\/educacen.es\/inicio\/#breadcrumb"},"inLanguage":"es","potentialAction":[{"@type":"ReadAction","target":["https:\/\/educacen.es\/inicio\/"]}]},{"@type":"ImageObject","inLanguage":"es","@id":"https:\/\/educacen.es\/inicio\/#primaryimage","url":"https:\/\/educacen.es\/wp-content\/uploads\/2025\/05\/3dimagenlectura.jpg","contentUrl":"https:\/\/educacen.es\/wp-content\/uploads\/2025\/05\/3dimagenlectura.jpg","width":561,"height":294},{"@type":"BreadcrumbList","@id":"https:\/\/educacen.es\/inicio\/#breadcrumb","itemListElement":[{"@type":"ListItem","position":1,"name":"Portada","item":"https:\/\/educacen.es\/inicio\/"},{"@type":"ListItem","position":2,"name":"Inicio"}]},{"@type":"WebSite","@id":"https:\/\/educacen.es\/inicio\/#website","url":"https:\/\/educacen.es\/inicio\/","name":"Educa-Cen","description":"Gabinete de Educaci\u00f3n Especial","publisher":{"@id":"https:\/\/educacen.es\/inicio\/#organization"},"potentialAction":[{"@type":"SearchAction","target":{"@type":"EntryPoint","urlTemplate":"https:\/\/educacen.es\/inicio\/?s={search_term_string}"},"query-input":{"@type":"PropertyValueSpecification","valueRequired":true,"valueName":"search_term_string"}}],"inLanguage":"es"},{"@type":"Organization","@id":"https:\/\/educacen.es\/inicio\/#organization","name":"Educa-Cen-Gabinete de psicolog\u00eda, logopedia y psicopedagog\u00eda.","url":"https:\/\/educacen.es\/inicio\/","logo":{"@type":"ImageObject","inLanguage":"es","@id":"https:\/\/educacen.es\/inicio\/#\/schema\/logo\/image\/","url":"https:\/\/educacen.es\/wp-content\/uploads\/2019\/06\/logo-educa-cen-scaled.jpg","contentUrl":"https:\/\/educacen.es\/wp-content\/uploads\/2019\/06\/logo-educa-cen-scaled.jpg","width":2560,"height":1316,"caption":"Educa-Cen-Gabinete de psicolog\u00eda, logopedia y psicopedagog\u00eda."},"image":{"@id":"https:\/\/educacen.es\/inicio\/#\/schema\/logo\/image\/"},"sameAs":["https:\/\/x.com\/educacen"]}]}},"_links":{"self":[{"href":"https:\/\/educacen.es\/inicio\/wp-json\/wp\/v2\/pages\/2","targetHints":{"allow":["GET"]}}],"collection":[{"href":"https:\/\/educacen.es\/inicio\/wp-json\/wp\/v2\/pages"}],"about":[{"href":"https:\/\/educacen.es\/inicio\/wp-json\/wp\/v2\/types\/page"}],"author":[{"embeddable":true,"href":"https:\/\/educacen.es\/inicio\/wp-json\/wp\/v2\/users\/1"}],"replies":[{"embeddable":true,"href":"https:\/\/educacen.es\/inicio\/wp-json\/wp\/v2\/comments?post=2"}],"version-history":[{"count":2,"href":"https:\/\/educacen.es\/inicio\/wp-json\/wp\/v2\/pages\/2\/revisions"}],"predecessor-version":[{"id":43,"href":"https:\/\/educacen.es\/inicio\/wp-json\/wp\/v2\/pages\/2\/revisions\/43"}],"wp:featuredmedia":[{"embeddable":true,"href":"https:\/\/educacen.es\/inicio\/wp-json\/wp\/v2\/media\/1163"}],"wp:attachment":[{"href":"https:\/\/educacen.es\/inicio\/wp-json\/wp\/v2\/media?parent=2"}],"curies":[{"name":"wp","href":"https:\/\/api.w.org\/{rel}","templated":true}]}}