{"id":17,"date":"2019-04-08T11:34:22","date_gmt":"2019-04-08T11:34:22","guid":{"rendered":"http:\/\/educacen.es\/?page_id=17"},"modified":"2024-03-20T19:04:46","modified_gmt":"2024-03-20T19:04:46","slug":"departamentos-nuestro-centro","status":"publish","type":"page","link":"https:\/\/educacen.es\/inicio\/departamentos-nuestro-centro\/","title":{"rendered":"Departamentos"},"content":{"rendered":"\n<p><\/p>\n\n\n\n<h2 class=\"wp-block-heading\">Nuestro equipo est\u00e1 compuesto por profesionales de distintas ramas de la educaci\u00f3n y la sanidad.\u00a0 Psic\u00f3logos, Psicopedagogos, Logopedas y expertos en Audici\u00f3n y Lenguaje.\u00a0 Te detallamos las terapias llevadas a cabo por los departamentos de nuestro centro de trabajo.<\/h2>\n\n\n\n<p>Todos los departamentos de nuestro centro de trabajo comparten criterios y mantienen un punto de vista global con el que se  consigue llegar al objetivo marcado a trav\u00e9s de un esfuerzo continuo.<\/p>\n\n\n\n<p>Desde nuestro inicio en 2007 son m\u00e1s de 1000 usuarios e incalculables las experiencias vividas. Muchas charlas, sesiones, fotos y amigos nos han acompa\u00f1ado en esta aventura. Nuestras ganas de seguir mejorando siguen creciendo a vuestro lado. <\/p>\n\n\n\n<h3 class=\"wp-block-heading\">PSICOLOG\u00cdA CL\u00cdNICA<\/h3>\n\n\n\n<p>Potenciando las habilidades del individuo, gestionando  emociones y actitudes que impiden un desarrollo eficaz de su vida diaria. Nuestro objetivo es mejorar la calidad de vida del ni\u00f1o, adolescente y\/o adulto.<\/p>\n\n\n\n<p>Terapias:<\/p>\n\n\n\n<ul class=\"wp-block-list\">\n<li>Problemas de ansiedad o depresi\u00f3n<\/li>\n\n\n\n<li>Trastornos de la conducta.\n<ul class=\"wp-block-list\">\n<li>Dificultad para la aceptaci\u00f3n de normas o l\u00edmites.<\/li>\n\n\n\n<li>Agresividad y p\u00e9rdida de control.<\/li>\n\n\n\n<li>Celos o relaciones negativas entre hermanos.<\/li>\n<\/ul>\n<\/li>\n\n\n\n<li>Trastorno por d\u00e9ficit de atenci\u00f3n (TDA). <\/li>\n\n\n\n<li>Retraso madurativo.<\/li>\n\n\n\n<li>Trastorno de eliminaci\u00f3n: (Eneuresis y ecopresis.)<\/li>\n\n\n\n<li>Problemas de sue\u00f1o, pesadillas, insomnio, terrores nocturnos\u2026<\/li>\n\n\n\n<li>Miedos evolutivos y desadaptativos y fobias.<\/li>\n\n\n\n<li>Problemas de autoestima.<\/li>\n\n\n\n<li>Trastorno generalizado del desarrollo (TGD)<\/li>\n\n\n\n<li>Fobia Social; dificultad en la relaci\u00f3n y adaptaci\u00f3n (Habilidades Sociales)<\/li>\n\n\n\n<li><mark>D\u00e9ficit de atenci\u00f3n e hiperactividad (TDH<\/mark>A).<\/li>\n<\/ul>\n\n\n\n<figure class=\"wp-block-image size-medium\"><img loading=\"lazy\" decoding=\"async\" width=\"300\" height=\"78\" src=\"https:\/\/educacen.es\/wp-content\/uploads\/2020\/03\/portadaweb2-300x78.jpg\" alt=\"equipo departamentos\" class=\"wp-image-197\" srcset=\"https:\/\/educacen.es\/wp-content\/uploads\/2020\/03\/portadaweb2-300x78.jpg 300w, https:\/\/educacen.es\/wp-content\/uploads\/2020\/03\/portadaweb2-600x156.jpg 600w, https:\/\/educacen.es\/wp-content\/uploads\/2020\/03\/portadaweb2-1024x266.jpg 1024w, https:\/\/educacen.es\/wp-content\/uploads\/2020\/03\/portadaweb2-768x199.jpg 768w, https:\/\/educacen.es\/wp-content\/uploads\/2020\/03\/portadaweb2-1536x399.jpg 1536w, https:\/\/educacen.es\/wp-content\/uploads\/2020\/03\/portadaweb2-2048x532.jpg 2048w\" sizes=\"auto, (max-width: 300px) 100vw, 300px\" \/><figcaption class=\"wp-element-caption\">equipo<\/figcaption><\/figure>\n\n\n\n<h3 class=\"wp-block-heading\">&nbsp;PSICOPEDAGOG\u00cdA<\/h3>\n\n\n\n<p> Valoramos, prevemos  y tratamos  las dificultades que puedan presentarse en el \u00e1mbito educativo y social durante el desarrollo del aprendizaje en ni\u00f1os y adolescentes.<\/p>\n\n\n\n<p><strong>Terapias.<\/strong><\/p>\n\n\n\n<ul class=\"wp-block-list\">\n<li>Dificultades en el proceso de ense\u00f1anza-aprendizaje.<\/li>\n\n\n\n<li>Organizaci\u00f3n y din\u00e1micas de estudio.<\/li>\n\n\n\n<li>Barreras en la comunicaci\u00f3n y el aprendizaje.<\/li>\n\n\n\n<li>Integraci\u00f3n del alumno extranjero.<\/li>\n\n\n\n<li>Lectura y escritura. <ul><li>Comprensi\u00f3n y velocidad lectora.<\/li><li> Expresi\u00f3n oral y escrita.<\/li><li>Disgraf\u00eda y disortograf\u00eda<\/li><\/ul>\n<ul class=\"wp-block-list\">\n<li>Dificultades en escritura y grafomotoras.<\/li>\n\n\n\n<li>Ortograf\u00eda. <\/li>\n<\/ul>\n<\/li>\n\n\n\n<li>Razonamiento matem\u00e1tico.\n<ul class=\"wp-block-list\">\n<li>Dificultad en la resoluci\u00f3n de problemas.<\/li>\n\n\n\n<li>Dificultades en el razonamiento l\u00f3gico. <\/li>\n<\/ul>\n<\/li>\n\n\n\n<li>Dificultad de memoria.<\/li>\n\n\n\n<li>Dificultad de atenci\u00f3n (TDA)<\/li>\n\n\n\n<li>Problemas de atenci\u00f3n e hiperactividad (TDHA)<\/li>\n\n\n\n<li>Habilidades sociales.<\/li>\n<\/ul>\n\n\n\n<h3 class=\"wp-block-heading\">&nbsp;LOGOPEDIA<\/h3>\n\n\n\n<p>Valoramos e intervenimos en dificultades relacionadas con la voz, el habla, el lenguaje y el trastorno de las funciones orofaciales.<\/p>\n\n\n\n<ul class=\"wp-block-list\">\n<li>VOZ\n<ul class=\"wp-block-list\">\n<li>Disfon\u00edas org\u00e1nicas y funcionales<\/li>\n\n\n\n<li>Afon\u00edas <\/li>\n<\/ul>\n<\/li>\n\n\n\n<li>HABLA\n<ul class=\"wp-block-list\">\n<li>Dislalias<\/li>\n\n\n\n<li>Disartrias<\/li>\n\n\n\n<li>Trastornos en la fluidez del habla<\/li>\n\n\n\n<li>Hipoacusias y sorderas (prelocutivas, poslocutivas) <\/li>\n<\/ul>\n<\/li>\n\n\n\n<li>LENGUAJE Y COMUNICACI\u00d3N\n<ul class=\"wp-block-list\">\n<li>Retraso del lenguaje<\/li>\n\n\n\n<li>Trastornos espec\u00edficos del lenguaje<\/li>\n\n\n\n<li>Trastornos generalizados del desarrollo<\/li>\n\n\n\n<li>Disfasia<\/li>\n\n\n\n<li>Aprendizaje de diferentes sistemas alternativos y aumentativos de comunicaci\u00f3n (sistemas pictogr\u00e1ficos, lengua de signos, bimodal\u2026) <\/li>\n<\/ul>\n<\/li>\n\n\n\n<li>FUNCIONES OROFACIALES Y TERAPIAS MIOFUNCIONALES.<\/li>\n\n\n\n<li>LECTOESCRITURA ( alexias, dislexias, disgraf\u00edas, disortograf\u00edas y discalculias).<\/li>\n\n\n\n<li>Otras patolog\u00edas que dificultan la normalidad en la comunicaci\u00f3n.<\/li>\n<\/ul>\n\n\n\n<h3 class=\"wp-block-heading\">AUDICI\u00d3N Y LENGUAJE<\/h3>\n\n\n\n<p>Este departamento trabaja las necesidades educativas especiales desde la perspectiva del lenguaje. Tratamos patolog\u00edas de \u00e1mbito expresivo y comprensivo del lenguaje.<\/p>\n\n\n\n<p>Somos especialistas en el desarrollo y la prevenci\u00f3n de cualquier tipo de problema relacionado con el lenguaje. Potenciando las capacidades comunicativas de los individuos  solucionamos de manera individualizada los problemas espec\u00edficos.<\/p>\n\n\n\n<p>Realizamos otras actividades alternativas <a href=\"https:\/\/educacen.es\/campamento-urbano-huelva\">en fechas especiales<\/a>.<\/p>\n\n\n\n<h2 class=\"wp-block-heading\">MATERIALES INTERACTIVOS<\/h2>\n\n\n\n<p>A\u00f1adimos a los departamentos de nuestro centro educativo en Huelva el de <a href=\"https:\/\/educacen.es\/materiales-interactivos\/\">materiales interactivos<\/a>, donde recopilamos y ponemos a vuestra disposici\u00f3n cientos de m\u00e9todos de trabajo en casa, con la facilidad de internet. Todos los materiales de trabajo utilizados a lo largo de los a\u00f1os para que los disfrutes en tu Tablet, m\u00f3vil u ordenador.<\/p>\n","protected":false},"excerpt":{"rendered":"<p>Nuestro equipo est\u00e1 compuesto por profesionales de distintas ramas de la educaci\u00f3n y la sanidad.\u00a0 Psic\u00f3logos, Psicopedagogos, Logopedas y expertos en Audici\u00f3n y Lenguaje.\u00a0 Te detallamos las terapias llevadas a cabo por los departamentos de nuestro centro de trabajo. Todos los departamentos de nuestro centro de trabajo comparten criterios y [&hellip;]<\/p>\n","protected":false},"author":1,"featured_media":0,"parent":0,"menu_order":0,"comment_status":"closed","ping_status":"closed","template":"page-templates\/template-fullwidth.php","meta":{"footnotes":""},"class_list":["post-17","page","type-page","status-publish","hentry"],"yoast_head":"<!-- This site is optimized with the Yoast SEO plugin v27.0 - https:\/\/yoast.com\/product\/yoast-seo-wordpress\/ -->\n<title>Departamentos - Educa-Cen<\/title>\n<meta name=\"description\" content=\"Los departamentos de nuestro centro est\u00e1n compuestos por profesionales de la educaci\u00f3n y la sanidad. Psic\u00f3logos, Psicopedagogos, Logopedas.\" \/>\n<meta name=\"robots\" content=\"index, follow, max-snippet:-1, max-image-preview:large, max-video-preview:-1\" \/>\n<link rel=\"canonical\" href=\"https:\/\/educacen.es\/inicio\/departamentos-nuestro-centro\/\" \/>\n<meta property=\"og:locale\" content=\"es_ES\" \/>\n<meta property=\"og:type\" content=\"article\" \/>\n<meta property=\"og:title\" content=\"Departamentos - Educa-Cen\" \/>\n<meta property=\"og:description\" content=\"Los departamentos de nuestro centro est\u00e1n compuestos por profesionales de la educaci\u00f3n y la sanidad. Psic\u00f3logos, Psicopedagogos, Logopedas.\" \/>\n<meta property=\"og:url\" content=\"https:\/\/educacen.es\/inicio\/departamentos-nuestro-centro\/\" \/>\n<meta property=\"og:site_name\" content=\"Educa-Cen\" \/>\n<meta property=\"article:modified_time\" content=\"2024-03-20T19:04:46+00:00\" \/>\n<meta property=\"og:image\" content=\"https:\/\/educacen.es\/wp-content\/uploads\/2020\/03\/portadaweb2-300x78.jpg\" \/>\n<meta name=\"twitter:card\" content=\"summary_large_image\" \/>\n<meta name=\"twitter:site\" content=\"@educacen\" \/>\n<meta name=\"twitter:label1\" content=\"Tiempo de lectura\" \/>\n\t<meta name=\"twitter:data1\" content=\"3 minutos\" \/>\n<script type=\"application\/ld+json\" class=\"yoast-schema-graph\">{\"@context\":\"https:\/\/schema.org\",\"@graph\":[{\"@type\":\"WebPage\",\"@id\":\"https:\/\/educacen.es\/inicio\/departamentos-nuestro-centro\/\",\"url\":\"https:\/\/educacen.es\/inicio\/departamentos-nuestro-centro\/\",\"name\":\"Departamentos - Educa-Cen\",\"isPartOf\":{\"@id\":\"https:\/\/educacen.es\/inicio\/#website\"},\"primaryImageOfPage\":{\"@id\":\"https:\/\/educacen.es\/inicio\/departamentos-nuestro-centro\/#primaryimage\"},\"image\":{\"@id\":\"https:\/\/educacen.es\/inicio\/departamentos-nuestro-centro\/#primaryimage\"},\"thumbnailUrl\":\"https:\/\/educacen.es\/wp-content\/uploads\/2020\/03\/portadaweb2-300x78.jpg\",\"datePublished\":\"2019-04-08T11:34:22+00:00\",\"dateModified\":\"2024-03-20T19:04:46+00:00\",\"description\":\"Los departamentos de nuestro centro est\u00e1n compuestos por profesionales de la educaci\u00f3n y la sanidad. Psic\u00f3logos, Psicopedagogos, Logopedas.\",\"breadcrumb\":{\"@id\":\"https:\/\/educacen.es\/inicio\/departamentos-nuestro-centro\/#breadcrumb\"},\"inLanguage\":\"es\",\"potentialAction\":[{\"@type\":\"ReadAction\",\"target\":[\"https:\/\/educacen.es\/inicio\/departamentos-nuestro-centro\/\"]}]},{\"@type\":\"ImageObject\",\"inLanguage\":\"es\",\"@id\":\"https:\/\/educacen.es\/inicio\/departamentos-nuestro-centro\/#primaryimage\",\"url\":\"https:\/\/educacen.es\/wp-content\/uploads\/2020\/03\/portadaweb2-300x78.jpg\",\"contentUrl\":\"https:\/\/educacen.es\/wp-content\/uploads\/2020\/03\/portadaweb2-300x78.jpg\"},{\"@type\":\"BreadcrumbList\",\"@id\":\"https:\/\/educacen.es\/inicio\/departamentos-nuestro-centro\/#breadcrumb\",\"itemListElement\":[{\"@type\":\"ListItem\",\"position\":1,\"name\":\"Portada\",\"item\":\"https:\/\/educacen.es\/inicio\/\"},{\"@type\":\"ListItem\",\"position\":2,\"name\":\"Departamentos\"}]},{\"@type\":\"WebSite\",\"@id\":\"https:\/\/educacen.es\/inicio\/#website\",\"url\":\"https:\/\/educacen.es\/inicio\/\",\"name\":\"Educa-Cen\",\"description\":\"Gabinete de Educaci\u00f3n Especial\",\"publisher\":{\"@id\":\"https:\/\/educacen.es\/inicio\/#organization\"},\"potentialAction\":[{\"@type\":\"SearchAction\",\"target\":{\"@type\":\"EntryPoint\",\"urlTemplate\":\"https:\/\/educacen.es\/inicio\/?s={search_term_string}\"},\"query-input\":{\"@type\":\"PropertyValueSpecification\",\"valueRequired\":true,\"valueName\":\"search_term_string\"}}],\"inLanguage\":\"es\"},{\"@type\":\"Organization\",\"@id\":\"https:\/\/educacen.es\/inicio\/#organization\",\"name\":\"Educa-Cen-Gabinete de psicolog\u00eda, logopedia y psicopedagog\u00eda.\",\"url\":\"https:\/\/educacen.es\/inicio\/\",\"logo\":{\"@type\":\"ImageObject\",\"inLanguage\":\"es\",\"@id\":\"https:\/\/educacen.es\/inicio\/#\/schema\/logo\/image\/\",\"url\":\"https:\/\/educacen.es\/wp-content\/uploads\/2019\/06\/logo-educa-cen-scaled.jpg\",\"contentUrl\":\"https:\/\/educacen.es\/wp-content\/uploads\/2019\/06\/logo-educa-cen-scaled.jpg\",\"width\":2560,\"height\":1316,\"caption\":\"Educa-Cen-Gabinete de psicolog\u00eda, logopedia y psicopedagog\u00eda.\"},\"image\":{\"@id\":\"https:\/\/educacen.es\/inicio\/#\/schema\/logo\/image\/\"},\"sameAs\":[\"https:\/\/x.com\/educacen\"]}]}<\/script>\n<!-- \/ Yoast SEO plugin. -->","yoast_head_json":{"title":"Departamentos - Educa-Cen","description":"Los departamentos de nuestro centro est\u00e1n compuestos por profesionales de la educaci\u00f3n y la sanidad. Psic\u00f3logos, Psicopedagogos, Logopedas.","robots":{"index":"index","follow":"follow","max-snippet":"max-snippet:-1","max-image-preview":"max-image-preview:large","max-video-preview":"max-video-preview:-1"},"canonical":"https:\/\/educacen.es\/inicio\/departamentos-nuestro-centro\/","og_locale":"es_ES","og_type":"article","og_title":"Departamentos - Educa-Cen","og_description":"Los departamentos de nuestro centro est\u00e1n compuestos por profesionales de la educaci\u00f3n y la sanidad. Psic\u00f3logos, Psicopedagogos, Logopedas.","og_url":"https:\/\/educacen.es\/inicio\/departamentos-nuestro-centro\/","og_site_name":"Educa-Cen","article_modified_time":"2024-03-20T19:04:46+00:00","og_image":[{"url":"https:\/\/educacen.es\/wp-content\/uploads\/2020\/03\/portadaweb2-300x78.jpg","type":"","width":"","height":""}],"twitter_card":"summary_large_image","twitter_site":"@educacen","twitter_misc":{"Tiempo de lectura":"3 minutos"},"schema":{"@context":"https:\/\/schema.org","@graph":[{"@type":"WebPage","@id":"https:\/\/educacen.es\/inicio\/departamentos-nuestro-centro\/","url":"https:\/\/educacen.es\/inicio\/departamentos-nuestro-centro\/","name":"Departamentos - Educa-Cen","isPartOf":{"@id":"https:\/\/educacen.es\/inicio\/#website"},"primaryImageOfPage":{"@id":"https:\/\/educacen.es\/inicio\/departamentos-nuestro-centro\/#primaryimage"},"image":{"@id":"https:\/\/educacen.es\/inicio\/departamentos-nuestro-centro\/#primaryimage"},"thumbnailUrl":"https:\/\/educacen.es\/wp-content\/uploads\/2020\/03\/portadaweb2-300x78.jpg","datePublished":"2019-04-08T11:34:22+00:00","dateModified":"2024-03-20T19:04:46+00:00","description":"Los departamentos de nuestro centro est\u00e1n compuestos por profesionales de la educaci\u00f3n y la sanidad. Psic\u00f3logos, Psicopedagogos, Logopedas.","breadcrumb":{"@id":"https:\/\/educacen.es\/inicio\/departamentos-nuestro-centro\/#breadcrumb"},"inLanguage":"es","potentialAction":[{"@type":"ReadAction","target":["https:\/\/educacen.es\/inicio\/departamentos-nuestro-centro\/"]}]},{"@type":"ImageObject","inLanguage":"es","@id":"https:\/\/educacen.es\/inicio\/departamentos-nuestro-centro\/#primaryimage","url":"https:\/\/educacen.es\/wp-content\/uploads\/2020\/03\/portadaweb2-300x78.jpg","contentUrl":"https:\/\/educacen.es\/wp-content\/uploads\/2020\/03\/portadaweb2-300x78.jpg"},{"@type":"BreadcrumbList","@id":"https:\/\/educacen.es\/inicio\/departamentos-nuestro-centro\/#breadcrumb","itemListElement":[{"@type":"ListItem","position":1,"name":"Portada","item":"https:\/\/educacen.es\/inicio\/"},{"@type":"ListItem","position":2,"name":"Departamentos"}]},{"@type":"WebSite","@id":"https:\/\/educacen.es\/inicio\/#website","url":"https:\/\/educacen.es\/inicio\/","name":"Educa-Cen","description":"Gabinete de Educaci\u00f3n Especial","publisher":{"@id":"https:\/\/educacen.es\/inicio\/#organization"},"potentialAction":[{"@type":"SearchAction","target":{"@type":"EntryPoint","urlTemplate":"https:\/\/educacen.es\/inicio\/?s={search_term_string}"},"query-input":{"@type":"PropertyValueSpecification","valueRequired":true,"valueName":"search_term_string"}}],"inLanguage":"es"},{"@type":"Organization","@id":"https:\/\/educacen.es\/inicio\/#organization","name":"Educa-Cen-Gabinete de psicolog\u00eda, logopedia y psicopedagog\u00eda.","url":"https:\/\/educacen.es\/inicio\/","logo":{"@type":"ImageObject","inLanguage":"es","@id":"https:\/\/educacen.es\/inicio\/#\/schema\/logo\/image\/","url":"https:\/\/educacen.es\/wp-content\/uploads\/2019\/06\/logo-educa-cen-scaled.jpg","contentUrl":"https:\/\/educacen.es\/wp-content\/uploads\/2019\/06\/logo-educa-cen-scaled.jpg","width":2560,"height":1316,"caption":"Educa-Cen-Gabinete de psicolog\u00eda, logopedia y psicopedagog\u00eda."},"image":{"@id":"https:\/\/educacen.es\/inicio\/#\/schema\/logo\/image\/"},"sameAs":["https:\/\/x.com\/educacen"]}]}},"_links":{"self":[{"href":"https:\/\/educacen.es\/inicio\/wp-json\/wp\/v2\/pages\/17","targetHints":{"allow":["GET"]}}],"collection":[{"href":"https:\/\/educacen.es\/inicio\/wp-json\/wp\/v2\/pages"}],"about":[{"href":"https:\/\/educacen.es\/inicio\/wp-json\/wp\/v2\/types\/page"}],"author":[{"embeddable":true,"href":"https:\/\/educacen.es\/inicio\/wp-json\/wp\/v2\/users\/1"}],"replies":[{"embeddable":true,"href":"https:\/\/educacen.es\/inicio\/wp-json\/wp\/v2\/comments?post=17"}],"version-history":[{"count":9,"href":"https:\/\/educacen.es\/inicio\/wp-json\/wp\/v2\/pages\/17\/revisions"}],"predecessor-version":[{"id":858,"href":"https:\/\/educacen.es\/inicio\/wp-json\/wp\/v2\/pages\/17\/revisions\/858"}],"wp:attachment":[{"href":"https:\/\/educacen.es\/inicio\/wp-json\/wp\/v2\/media?parent=17"}],"curies":[{"name":"wp","href":"https:\/\/api.w.org\/{rel}","templated":true}]}}